
{"id":18,"date":"2021-01-25T15:49:44","date_gmt":"2021-01-25T14:49:44","guid":{"rendered":"https:\/\/follgas-shop.de\/?page_id=18"},"modified":"2025-11-26T12:27:18","modified_gmt":"2025-11-26T11:27:18","slug":"follgas-merchandise-hoodies-t-shirts-accessoires","status":"publish","type":"page","link":"https:\/\/follgas-shop.de\/index.php\/follgas-merchandise-hoodies-t-shirts-accessoires\/","title":{"rendered":"Merchandise"},"content":{"rendered":"<div data-block-name=\"woocommerce\/product-category\" data-columns=\"2\" data-rows=\"6\" data-categories=\"[17]\" class=\"wc-block-grid wp-block-product-category wc-block-product-category has-2-columns has-multiple-rows\"><ul class=\"wc-block-grid__products\"><li class=\"wc-block-grid__product\">\n\t\t\t\t<a href=\"https:\/\/follgas-shop.de\/index.php\/produkt\/follgas-oeffner\/\" class=\"wc-block-grid__product-link\">\n\t\t\t\t\t<div class=\"wc-block-grid__product-onsale\">\n\t\t\t<span aria-hidden=\"true\">Angebot<\/span>\n\t\t\t<span class=\"screen-reader-text\">Produkt im Angebot<\/span>\n\t\t<\/div>\n\t\t\t\t\t<div class=\"wc-block-grid__product-image\"><img loading=\"lazy\" decoding=\"async\" width=\"324\" height=\"324\" src=\"https:\/\/follgas-shop.de\/wp-content\/uploads\/2023\/08\/Foto-05.07.23-07-40-16-324x324.jpg\" class=\"attachment-woocommerce_thumbnail size-woocommerce_thumbnail\" alt=\"Follgas Flaschen\u00f6fnner\" srcset=\"https:\/\/follgas-shop.de\/wp-content\/uploads\/2023\/08\/Foto-05.07.23-07-40-16-324x324.jpg 324w, https:\/\/follgas-shop.de\/wp-content\/uploads\/2023\/08\/Foto-05.07.23-07-40-16-150x150.jpg 150w, https:\/\/follgas-shop.de\/wp-content\/uploads\/2023\/08\/Foto-05.07.23-07-40-16-100x100.jpg 100w\" sizes=\"(max-width: 324px) 100vw, 324px\" \/><\/div>\n\t\t\t\t\t<div class=\"wc-block-grid__product-title\">FOLLGAS \u00d6ffner mit magnetischer R\u00fcckseite<\/div>\n\t\t\t\t<\/a>\n\t\t\t\t<div class=\"wc-block-grid__product-price price\"><del aria-hidden=\"true\"><span class=\"woocommerce-Price-amount amount\"><span class=\"woocommerce-Price-currencySymbol\">&euro;<\/span>23,90<\/span><\/del> <ins><span class=\"woocommerce-Price-amount amount\"><span class=\"woocommerce-Price-currencySymbol\">&euro;<\/span>18,90<\/span><\/ins><\/div>\n\t\t\t\t\n\t\t\t\t<div class=\"wp-block-button wc-block-grid__product-add-to-cart\"><a href=\"?add-to-cart=479\" aria-label=\"In den Warenkorb legen: \u201eFOLLGAS \u00d6ffner mit magnetischer R\u00fcckseite\u201c\" data-quantity=\"1\" data-product_id=\"479\" data-product_sku=\"\" data-price=\"18.9\" rel=\"nofollow\" class=\"wp-block-button__link  add_to_cart_button ajax_add_to_cart\">In den Warenkorb<\/a><\/div>\n\t\t\t<\/li><li class=\"wc-block-grid__product\">\n\t\t\t\t<a href=\"https:\/\/follgas-shop.de\/index.php\/produkt\/follgas-energy-chrom-dekor-universell-auf-anfrage\/\" class=\"wc-block-grid__product-link\">\n\t\t\t\t\t\n\t\t\t\t\t<div class=\"wc-block-grid__product-image\"><img loading=\"lazy\" decoding=\"async\" width=\"324\" height=\"324\" src=\"https:\/\/follgas-shop.de\/wp-content\/uploads\/2023\/06\/photo16874552601-324x324.jpeg\" class=\"attachment-woocommerce_thumbnail size-woocommerce_thumbnail\" alt=\"FOLLGAS Energy Chrom Dekor\" srcset=\"https:\/\/follgas-shop.de\/wp-content\/uploads\/2023\/06\/photo16874552601-324x324.jpeg 324w, https:\/\/follgas-shop.de\/wp-content\/uploads\/2023\/06\/photo16874552601-150x150.jpeg 150w, https:\/\/follgas-shop.de\/wp-content\/uploads\/2023\/06\/photo16874552601-100x100.jpeg 100w\" sizes=\"(max-width: 324px) 100vw, 324px\" \/><\/div>\n\t\t\t\t\t<div class=\"wc-block-grid__product-title\">FOLLGAS Energy Chrom Dekor<\/div>\n\t\t\t\t<\/a>\n\t\t\t\t<div class=\"wc-block-grid__product-price price\"><span class=\"woocommerce-Price-amount amount\"><span class=\"woocommerce-Price-currencySymbol\">&euro;<\/span>399,00<\/span><\/div>\n\t\t\t\t\n\t\t\t\t<div class=\"wp-block-button wc-block-grid__product-add-to-cart\"><a href=\"?add-to-cart=465\" aria-label=\"In den Warenkorb legen: \u201eFOLLGAS Energy Chrom Dekor\u201c\" data-quantity=\"1\" data-product_id=\"465\" data-product_sku=\"\" data-price=\"399\" rel=\"nofollow\" class=\"wp-block-button__link  add_to_cart_button ajax_add_to_cart\">In den Warenkorb<\/a><\/div>\n\t\t\t<\/li><li class=\"wc-block-grid__product\">\n\t\t\t\t<a href=\"https:\/\/follgas-shop.de\/index.php\/produkt\/follgas-schluesselanhaenger\/\" class=\"wc-block-grid__product-link\">\n\t\t\t\t\t\n\t\t\t\t\t<div class=\"wc-block-grid__product-image\"><img loading=\"lazy\" decoding=\"async\" width=\"324\" height=\"324\" src=\"https:\/\/follgas-shop.de\/wp-content\/uploads\/2023\/06\/photo1687342257-324x324.jpeg\" class=\"attachment-woocommerce_thumbnail size-woocommerce_thumbnail\" alt=\"Schl\u00fcsselanh\u00e4nger\" srcset=\"https:\/\/follgas-shop.de\/wp-content\/uploads\/2023\/06\/photo1687342257-324x324.jpeg 324w, https:\/\/follgas-shop.de\/wp-content\/uploads\/2023\/06\/photo1687342257-150x150.jpeg 150w, https:\/\/follgas-shop.de\/wp-content\/uploads\/2023\/06\/photo1687342257-100x100.jpeg 100w\" sizes=\"(max-width: 324px) 100vw, 324px\" \/><\/div>\n\t\t\t\t\t<div class=\"wc-block-grid__product-title\">FOLLGAS Schl\u00fcsselanh\u00e4nger Classic | Robust &amp; Einzigartig<\/div>\n\t\t\t\t<\/a>\n\t\t\t\t<div class=\"wc-block-grid__product-price price\"><span class=\"woocommerce-Price-amount amount\"><span class=\"woocommerce-Price-currencySymbol\">&euro;<\/span>9,90<\/span><\/div>\n\t\t\t\t\n\t\t\t\t<div class=\"wp-block-button wc-block-grid__product-add-to-cart\"><a href=\"https:\/\/follgas-shop.de\/index.php\/produkt\/follgas-schluesselanhaenger\/\" aria-label=\"W\u00e4hle Optionen f\u00fcr \u201eFOLLGAS Schl\u00fcsselanh\u00e4nger Classic | Robust &amp; Einzigartig\u201c\" data-quantity=\"1\" data-product_id=\"453\" data-product_sku=\"\" data-price=\"9.9\" rel=\"nofollow\" class=\"wp-block-button__link  add_to_cart_button\">Ausf\u00fchrung w\u00e4hlen<\/a><\/div>\n\t\t\t<\/li><li class=\"wc-block-grid__product\">\n\t\t\t\t<a href=\"https:\/\/follgas-shop.de\/index.php\/produkt\/follgas-hoodie\/\" class=\"wc-block-grid__product-link\">\n\t\t\t\t\t\n\t\t\t\t\t<div class=\"wc-block-grid__product-image\"><img loading=\"lazy\" decoding=\"async\" width=\"324\" height=\"324\" src=\"https:\/\/follgas-shop.de\/wp-content\/uploads\/2023\/04\/111-324x324.jpg\" class=\"attachment-woocommerce_thumbnail size-woocommerce_thumbnail\" alt=\"Follgas Hoody\" srcset=\"https:\/\/follgas-shop.de\/wp-content\/uploads\/2023\/04\/111-324x324.jpg 324w, https:\/\/follgas-shop.de\/wp-content\/uploads\/2023\/04\/111-300x300.jpg 300w, https:\/\/follgas-shop.de\/wp-content\/uploads\/2023\/04\/111-1024x1024.jpg 1024w, https:\/\/follgas-shop.de\/wp-content\/uploads\/2023\/04\/111-150x150.jpg 150w, https:\/\/follgas-shop.de\/wp-content\/uploads\/2023\/04\/111-768x768.jpg 768w, https:\/\/follgas-shop.de\/wp-content\/uploads\/2023\/04\/111-416x416.jpg 416w, https:\/\/follgas-shop.de\/wp-content\/uploads\/2023\/04\/111-100x100.jpg 100w, https:\/\/follgas-shop.de\/wp-content\/uploads\/2023\/04\/111.jpg 1080w\" sizes=\"(max-width: 324px) 100vw, 324px\" \/><\/div>\n\t\t\t\t\t<div class=\"wc-block-grid__product-title\">FOLLGAS Hoodie \u2013 Weicher Classic Pullover<\/div>\n\t\t\t\t<\/a>\n\t\t\t\t<div class=\"wc-block-grid__product-price price\"><span class=\"woocommerce-Price-amount amount\"><span class=\"woocommerce-Price-currencySymbol\">&euro;<\/span>65,90<\/span><\/div>\n\t\t\t\t\n\t\t\t\t<div class=\"wp-block-button wc-block-grid__product-add-to-cart\"><a href=\"https:\/\/follgas-shop.de\/index.php\/produkt\/follgas-hoodie\/\" aria-label=\"W\u00e4hle Optionen f\u00fcr \u201eFOLLGAS Hoodie \u2013 Weicher Classic Pullover\u201c\" data-quantity=\"1\" data-product_id=\"431\" data-product_sku=\"\" data-price=\"65.9\" rel=\"nofollow\" class=\"wp-block-button__link  add_to_cart_button\">Ausf\u00fchrung w\u00e4hlen<\/a><\/div>\n\t\t\t<\/li><li class=\"wc-block-grid__product\">\n\t\t\t\t<a href=\"https:\/\/follgas-shop.de\/index.php\/produkt\/follgas-unisex-t-shirt\/\" class=\"wc-block-grid__product-link\">\n\t\t\t\t\t\n\t\t\t\t\t<div class=\"wc-block-grid__product-image\"><img loading=\"lazy\" decoding=\"async\" width=\"324\" height=\"324\" src=\"https:\/\/follgas-shop.de\/wp-content\/uploads\/2023\/04\/Unbenannt-324x324.jpg\" class=\"attachment-woocommerce_thumbnail size-woocommerce_thumbnail\" alt=\"Follgas T-shirt\" srcset=\"https:\/\/follgas-shop.de\/wp-content\/uploads\/2023\/04\/Unbenannt-324x324.jpg 324w, https:\/\/follgas-shop.de\/wp-content\/uploads\/2023\/04\/Unbenannt-300x300.jpg 300w, https:\/\/follgas-shop.de\/wp-content\/uploads\/2023\/04\/Unbenannt-1024x1024.jpg 1024w, https:\/\/follgas-shop.de\/wp-content\/uploads\/2023\/04\/Unbenannt-150x150.jpg 150w, https:\/\/follgas-shop.de\/wp-content\/uploads\/2023\/04\/Unbenannt-768x768.jpg 768w, https:\/\/follgas-shop.de\/wp-content\/uploads\/2023\/04\/Unbenannt-416x416.jpg 416w, https:\/\/follgas-shop.de\/wp-content\/uploads\/2023\/04\/Unbenannt-100x100.jpg 100w, https:\/\/follgas-shop.de\/wp-content\/uploads\/2023\/04\/Unbenannt.jpg 1080w\" sizes=\"(max-width: 324px) 100vw, 324px\" \/><\/div>\n\t\t\t\t\t<div class=\"wc-block-grid__product-title\">FOLLGAS Unisex T-Shirt \u2013 Hochwertiges Shirt aus Baumwolle<\/div>\n\t\t\t\t<\/a>\n\t\t\t\t<div class=\"wc-block-grid__product-price price\"><span class=\"woocommerce-Price-amount amount\"><span class=\"woocommerce-Price-currencySymbol\">&euro;<\/span>26,90<\/span><\/div>\n\t\t\t\t\n\t\t\t\t<div class=\"wp-block-button wc-block-grid__product-add-to-cart\"><a href=\"https:\/\/follgas-shop.de\/index.php\/produkt\/follgas-unisex-t-shirt\/\" aria-label=\"W\u00e4hle Optionen f\u00fcr \u201eFOLLGAS Unisex T-Shirt \u2013 Hochwertiges Shirt aus Baumwolle\u201c\" data-quantity=\"1\" data-product_id=\"419\" data-product_sku=\"\" data-price=\"26.9\" rel=\"nofollow\" class=\"wp-block-button__link  add_to_cart_button\">Ausf\u00fchrung w\u00e4hlen<\/a><\/div>\n\t\t\t<\/li><li class=\"wc-block-grid__product\">\n\t\t\t\t<a href=\"https:\/\/follgas-shop.de\/index.php\/produkt\/follgas-universalhalter-fuer-dosen-und-becher\/\" class=\"wc-block-grid__product-link\">\n\t\t\t\t\t<div class=\"wc-block-grid__product-onsale\">\n\t\t\t<span aria-hidden=\"true\">Angebot<\/span>\n\t\t\t<span class=\"screen-reader-text\">Produkt im Angebot<\/span>\n\t\t<\/div>\n\t\t\t\t\t<div class=\"wc-block-grid__product-image\"><img loading=\"lazy\" decoding=\"async\" width=\"324\" height=\"324\" src=\"https:\/\/follgas-shop.de\/wp-content\/uploads\/2023\/02\/photo1687342302-324x324.jpeg\" class=\"attachment-woocommerce_thumbnail size-woocommerce_thumbnail\" alt=\"Follgas Universalhalter\" srcset=\"https:\/\/follgas-shop.de\/wp-content\/uploads\/2023\/02\/photo1687342302-324x324.jpeg 324w, https:\/\/follgas-shop.de\/wp-content\/uploads\/2023\/02\/photo1687342302-150x150.jpeg 150w, https:\/\/follgas-shop.de\/wp-content\/uploads\/2023\/02\/photo1687342302-100x100.jpeg 100w\" sizes=\"(max-width: 324px) 100vw, 324px\" \/><\/div>\n\t\t\t\t\t<div class=\"wc-block-grid__product-title\">FOLLGAS Universalhalter f\u00fcr Dosen und Becher<\/div>\n\t\t\t\t<\/a>\n\t\t\t\t<div class=\"wc-block-grid__product-price price\"><del aria-hidden=\"true\"><span class=\"woocommerce-Price-amount amount\"><span class=\"woocommerce-Price-currencySymbol\">&euro;<\/span>22,90<\/span><\/del> <ins><span class=\"woocommerce-Price-amount amount\"><span class=\"woocommerce-Price-currencySymbol\">&euro;<\/span>18,90<\/span><\/ins><\/div>\n\t\t\t\t\n\t\t\t\t<div class=\"wp-block-button wc-block-grid__product-add-to-cart\"><a href=\"https:\/\/follgas-shop.de\/index.php\/produkt\/follgas-universalhalter-fuer-dosen-und-becher\/\" aria-label=\"W\u00e4hle Optionen f\u00fcr \u201eFOLLGAS Universalhalter f\u00fcr Dosen und Becher\u201c\" data-quantity=\"1\" data-product_id=\"389\" data-product_sku=\"\" data-price=\"18.9\" rel=\"nofollow\" class=\"wp-block-button__link  add_to_cart_button\">Ausf\u00fchrung w\u00e4hlen<\/a><\/div>\n\t\t\t<\/li><li class=\"wc-block-grid__product\">\n\t\t\t\t<a href=\"https:\/\/follgas-shop.de\/index.php\/produkt\/follgas-tank-und-umweltmatte\/\" class=\"wc-block-grid__product-link\">\n\t\t\t\t\t<div class=\"wc-block-grid__product-onsale\">\n\t\t\t<span aria-hidden=\"true\">Angebot<\/span>\n\t\t\t<span class=\"screen-reader-text\">Produkt im Angebot<\/span>\n\t\t<\/div>\n\t\t\t\t\t<div class=\"wc-block-grid__product-image\"><img loading=\"lazy\" decoding=\"async\" width=\"324\" height=\"324\" src=\"https:\/\/follgas-shop.de\/wp-content\/uploads\/2022\/08\/logomatte-bbm2022-324x324.png\" class=\"attachment-woocommerce_thumbnail size-woocommerce_thumbnail\" alt=\"FOLLGAS Tank- &amp; Umweltmatte | Robust 95 x 200cm\" srcset=\"https:\/\/follgas-shop.de\/wp-content\/uploads\/2022\/08\/logomatte-bbm2022-324x324.png 324w, https:\/\/follgas-shop.de\/wp-content\/uploads\/2022\/08\/logomatte-bbm2022-150x150.png 150w, https:\/\/follgas-shop.de\/wp-content\/uploads\/2022\/08\/logomatte-bbm2022-100x100.png 100w\" sizes=\"(max-width: 324px) 100vw, 324px\" \/><\/div>\n\t\t\t\t\t<div class=\"wc-block-grid__product-title\">FOLLGAS Tank- &amp; Umweltmatte | Robust 95 x 200cm<\/div>\n\t\t\t\t<\/a>\n\t\t\t\t<div class=\"wc-block-grid__product-price price\"><del aria-hidden=\"true\"><span class=\"woocommerce-Price-amount amount\"><span class=\"woocommerce-Price-currencySymbol\">&euro;<\/span>129,90<\/span><\/del> <ins><span class=\"woocommerce-Price-amount amount\"><span class=\"woocommerce-Price-currencySymbol\">&euro;<\/span>89,90<\/span><\/ins><\/div>\n\t\t\t\t\n\t\t\t\t<div class=\"wp-block-button wc-block-grid__product-add-to-cart\"><a href=\"https:\/\/follgas-shop.de\/index.php\/produkt\/follgas-tank-und-umweltmatte\/\" aria-label=\"W\u00e4hle Optionen f\u00fcr \u201eFOLLGAS Tank- &amp; Umweltmatte | Robust 95 x 200cm\u201c\" data-quantity=\"1\" data-product_id=\"332\" data-product_sku=\"\" data-price=\"89.9\" rel=\"nofollow\" class=\"wp-block-button__link  add_to_cart_button\">Ausf\u00fchrung w\u00e4hlen<\/a><\/div>\n\t\t\t<\/li><li class=\"wc-block-grid__product\">\n\t\t\t\t<a href=\"https:\/\/follgas-shop.de\/index.php\/produkt\/follgas-energydrink-stickerpakete-outdoor\/\" class=\"wc-block-grid__product-link\">\n\t\t\t\t\t\n\t\t\t\t\t<div class=\"wc-block-grid__product-image\"><img loading=\"lazy\" decoding=\"async\" width=\"324\" height=\"324\" src=\"https:\/\/follgas-shop.de\/wp-content\/uploads\/2022\/08\/asdfasdf435-324x324.jpg\" class=\"attachment-woocommerce_thumbnail size-woocommerce_thumbnail\" alt=\"Follgas Sticker\" srcset=\"https:\/\/follgas-shop.de\/wp-content\/uploads\/2022\/08\/asdfasdf435-324x324.jpg 324w, https:\/\/follgas-shop.de\/wp-content\/uploads\/2022\/08\/asdfasdf435-150x150.jpg 150w, https:\/\/follgas-shop.de\/wp-content\/uploads\/2022\/08\/asdfasdf435-100x100.jpg 100w\" sizes=\"(max-width: 324px) 100vw, 324px\" \/><\/div>\n\t\t\t\t\t<div class=\"wc-block-grid__product-title\">FOLLGAS Stickerpakete UV-best\u00e4ndig<\/div>\n\t\t\t\t<\/a>\n\t\t\t\t<div class=\"wc-block-grid__product-price price\"><span class=\"woocommerce-Price-amount amount\"><span class=\"woocommerce-Price-currencySymbol\">&euro;<\/span>5,00<\/span> &ndash; <span class=\"woocommerce-Price-amount amount\"><span class=\"woocommerce-Price-currencySymbol\">&euro;<\/span>20,00<\/span><\/div>\n\t\t\t\t\n\t\t\t\t<div class=\"wp-block-button wc-block-grid__product-add-to-cart\"><a href=\"https:\/\/follgas-shop.de\/index.php\/produkt\/follgas-energydrink-stickerpakete-outdoor\/\" aria-label=\"W\u00e4hle Optionen f\u00fcr \u201eFOLLGAS Stickerpakete UV-best\u00e4ndig\u201c\" data-quantity=\"1\" data-product_id=\"325\" data-product_sku=\"\" data-price=\"5\" rel=\"nofollow\" class=\"wp-block-button__link  add_to_cart_button\">Ausf\u00fchrung w\u00e4hlen<\/a><\/div>\n\t\t\t<\/li><\/ul><\/div>","protected":false},"excerpt":{"rendered":"","protected":false},"author":1,"featured_media":0,"parent":0,"menu_order":0,"comment_status":"closed","ping_status":"closed","template":"","meta":{"footnotes":""},"yoast_head":"<!-- This site is optimized with the Yoast SEO plugin v22.3 - https:\/\/yoast.com\/wordpress\/plugins\/seo\/ -->\n<title>Merchandise - FOLLGAS Online-Shop<\/title>\n<meta name=\"description\" content=\"Entdecke FOLLGAS Merchandise: Hoodies, T-Shirts, Schl\u00fcsselanh\u00e4nger und Accessoires mit exklusivem FOLLGAS-Design f\u00fcr Fans und Kunden.\" \/>\n<meta name=\"robots\" content=\"index, follow, max-snippet:-1, max-image-preview:large, max-video-preview:-1\" \/>\n<link rel=\"canonical\" href=\"https:\/\/follgas-shop.de\/index.php\/follgas-merchandise-hoodies-t-shirts-accessoires\/\" \/>\n<meta property=\"og:locale\" content=\"de_DE\" \/>\n<meta property=\"og:type\" content=\"article\" \/>\n<meta property=\"og:title\" content=\"Merchandise - FOLLGAS Online-Shop\" \/>\n<meta property=\"og:description\" content=\"Entdecke FOLLGAS Merchandise: Hoodies, T-Shirts, Schl\u00fcsselanh\u00e4nger und Accessoires mit exklusivem FOLLGAS-Design f\u00fcr Fans und Kunden.\" \/>\n<meta property=\"og:url\" content=\"https:\/\/follgas-shop.de\/index.php\/follgas-merchandise-hoodies-t-shirts-accessoires\/\" \/>\n<meta property=\"og:site_name\" content=\"FOLLGAS Online-Shop\" \/>\n<meta property=\"article:modified_time\" content=\"2025-11-26T11:27:18+00:00\" \/>\n<meta name=\"twitter:card\" content=\"summary_large_image\" \/>\n<script type=\"application\/ld+json\" class=\"yoast-schema-graph\">{\"@context\":\"https:\/\/schema.org\",\"@graph\":[{\"@type\":\"WebPage\",\"@id\":\"https:\/\/follgas-shop.de\/index.php\/follgas-merchandise-hoodies-t-shirts-accessoires\/\",\"url\":\"https:\/\/follgas-shop.de\/index.php\/follgas-merchandise-hoodies-t-shirts-accessoires\/\",\"name\":\"Merchandise - FOLLGAS Online-Shop\",\"isPartOf\":{\"@id\":\"https:\/\/follgas-shop.de\/#website\"},\"datePublished\":\"2021-01-25T14:49:44+00:00\",\"dateModified\":\"2025-11-26T11:27:18+00:00\",\"description\":\"Entdecke FOLLGAS Merchandise: Hoodies, T-Shirts, Schl\u00fcsselanh\u00e4nger und Accessoires mit exklusivem FOLLGAS-Design f\u00fcr Fans und Kunden.\",\"breadcrumb\":{\"@id\":\"https:\/\/follgas-shop.de\/index.php\/follgas-merchandise-hoodies-t-shirts-accessoires\/#breadcrumb\"},\"inLanguage\":\"de\",\"potentialAction\":[{\"@type\":\"ReadAction\",\"target\":[\"https:\/\/follgas-shop.de\/index.php\/follgas-merchandise-hoodies-t-shirts-accessoires\/\"]}]},{\"@type\":\"BreadcrumbList\",\"@id\":\"https:\/\/follgas-shop.de\/index.php\/follgas-merchandise-hoodies-t-shirts-accessoires\/#breadcrumb\",\"itemListElement\":[{\"@type\":\"ListItem\",\"position\":1,\"name\":\"Startseite\",\"item\":\"https:\/\/follgas-shop.de\/\"},{\"@type\":\"ListItem\",\"position\":2,\"name\":\"Merchandise\"}]},{\"@type\":\"WebSite\",\"@id\":\"https:\/\/follgas-shop.de\/#website\",\"url\":\"https:\/\/follgas-shop.de\/\",\"name\":\"FOLLGAS Online-Shop\",\"description\":\"\",\"publisher\":{\"@id\":\"https:\/\/follgas-shop.de\/#organization\"},\"potentialAction\":[{\"@type\":\"SearchAction\",\"target\":{\"@type\":\"EntryPoint\",\"urlTemplate\":\"https:\/\/follgas-shop.de\/?s={search_term_string}\"},\"query-input\":\"required name=search_term_string\"}],\"inLanguage\":\"de\"},{\"@type\":\"Organization\",\"@id\":\"https:\/\/follgas-shop.de\/#organization\",\"name\":\"FOLLGAS Online-Shop\",\"url\":\"https:\/\/follgas-shop.de\/\",\"logo\":{\"@type\":\"ImageObject\",\"inLanguage\":\"de\",\"@id\":\"https:\/\/follgas-shop.de\/#\/schema\/logo\/image\/\",\"url\":\"https:\/\/follgas-shop.de\/wp-content\/uploads\/2021\/01\/cropped-cropped-vv-1.png\",\"contentUrl\":\"https:\/\/follgas-shop.de\/wp-content\/uploads\/2021\/01\/cropped-cropped-vv-1.png\",\"width\":279,\"height\":119,\"caption\":\"FOLLGAS Online-Shop\"},\"image\":{\"@id\":\"https:\/\/follgas-shop.de\/#\/schema\/logo\/image\/\"}}]}<\/script>\n<!-- \/ Yoast SEO plugin. -->","yoast_head_json":{"title":"Merchandise - FOLLGAS Online-Shop","description":"Entdecke FOLLGAS Merchandise: Hoodies, T-Shirts, Schl\u00fcsselanh\u00e4nger und Accessoires mit exklusivem FOLLGAS-Design f\u00fcr Fans und Kunden.","robots":{"index":"index","follow":"follow","max-snippet":"max-snippet:-1","max-image-preview":"max-image-preview:large","max-video-preview":"max-video-preview:-1"},"canonical":"https:\/\/follgas-shop.de\/index.php\/follgas-merchandise-hoodies-t-shirts-accessoires\/","og_locale":"de_DE","og_type":"article","og_title":"Merchandise - FOLLGAS Online-Shop","og_description":"Entdecke FOLLGAS Merchandise: Hoodies, T-Shirts, Schl\u00fcsselanh\u00e4nger und Accessoires mit exklusivem FOLLGAS-Design f\u00fcr Fans und Kunden.","og_url":"https:\/\/follgas-shop.de\/index.php\/follgas-merchandise-hoodies-t-shirts-accessoires\/","og_site_name":"FOLLGAS Online-Shop","article_modified_time":"2025-11-26T11:27:18+00:00","twitter_card":"summary_large_image","schema":{"@context":"https:\/\/schema.org","@graph":[{"@type":"WebPage","@id":"https:\/\/follgas-shop.de\/index.php\/follgas-merchandise-hoodies-t-shirts-accessoires\/","url":"https:\/\/follgas-shop.de\/index.php\/follgas-merchandise-hoodies-t-shirts-accessoires\/","name":"Merchandise - FOLLGAS Online-Shop","isPartOf":{"@id":"https:\/\/follgas-shop.de\/#website"},"datePublished":"2021-01-25T14:49:44+00:00","dateModified":"2025-11-26T11:27:18+00:00","description":"Entdecke FOLLGAS Merchandise: Hoodies, T-Shirts, Schl\u00fcsselanh\u00e4nger und Accessoires mit exklusivem FOLLGAS-Design f\u00fcr Fans und Kunden.","breadcrumb":{"@id":"https:\/\/follgas-shop.de\/index.php\/follgas-merchandise-hoodies-t-shirts-accessoires\/#breadcrumb"},"inLanguage":"de","potentialAction":[{"@type":"ReadAction","target":["https:\/\/follgas-shop.de\/index.php\/follgas-merchandise-hoodies-t-shirts-accessoires\/"]}]},{"@type":"BreadcrumbList","@id":"https:\/\/follgas-shop.de\/index.php\/follgas-merchandise-hoodies-t-shirts-accessoires\/#breadcrumb","itemListElement":[{"@type":"ListItem","position":1,"name":"Startseite","item":"https:\/\/follgas-shop.de\/"},{"@type":"ListItem","position":2,"name":"Merchandise"}]},{"@type":"WebSite","@id":"https:\/\/follgas-shop.de\/#website","url":"https:\/\/follgas-shop.de\/","name":"FOLLGAS Online-Shop","description":"","publisher":{"@id":"https:\/\/follgas-shop.de\/#organization"},"potentialAction":[{"@type":"SearchAction","target":{"@type":"EntryPoint","urlTemplate":"https:\/\/follgas-shop.de\/?s={search_term_string}"},"query-input":"required name=search_term_string"}],"inLanguage":"de"},{"@type":"Organization","@id":"https:\/\/follgas-shop.de\/#organization","name":"FOLLGAS Online-Shop","url":"https:\/\/follgas-shop.de\/","logo":{"@type":"ImageObject","inLanguage":"de","@id":"https:\/\/follgas-shop.de\/#\/schema\/logo\/image\/","url":"https:\/\/follgas-shop.de\/wp-content\/uploads\/2021\/01\/cropped-cropped-vv-1.png","contentUrl":"https:\/\/follgas-shop.de\/wp-content\/uploads\/2021\/01\/cropped-cropped-vv-1.png","width":279,"height":119,"caption":"FOLLGAS Online-Shop"},"image":{"@id":"https:\/\/follgas-shop.de\/#\/schema\/logo\/image\/"}}]}},"_links":{"self":[{"href":"https:\/\/follgas-shop.de\/index.php\/wp-json\/wp\/v2\/pages\/18"}],"collection":[{"href":"https:\/\/follgas-shop.de\/index.php\/wp-json\/wp\/v2\/pages"}],"about":[{"href":"https:\/\/follgas-shop.de\/index.php\/wp-json\/wp\/v2\/types\/page"}],"author":[{"embeddable":true,"href":"https:\/\/follgas-shop.de\/index.php\/wp-json\/wp\/v2\/users\/1"}],"replies":[{"embeddable":true,"href":"https:\/\/follgas-shop.de\/index.php\/wp-json\/wp\/v2\/comments?post=18"}],"version-history":[{"count":4,"href":"https:\/\/follgas-shop.de\/index.php\/wp-json\/wp\/v2\/pages\/18\/revisions"}],"predecessor-version":[{"id":627,"href":"https:\/\/follgas-shop.de\/index.php\/wp-json\/wp\/v2\/pages\/18\/revisions\/627"}],"wp:attachment":[{"href":"https:\/\/follgas-shop.de\/index.php\/wp-json\/wp\/v2\/media?parent=18"}],"curies":[{"name":"wp","href":"https:\/\/api.w.org\/{rel}","templated":true}]}}