
{"id":24,"date":"2021-01-25T15:50:23","date_gmt":"2021-01-25T14:50:23","guid":{"rendered":"https:\/\/follgas-shop.de\/?page_id=24"},"modified":"2025-11-21T16:27:51","modified_gmt":"2025-11-21T15:27:51","slug":"zahlung-versand","status":"publish","type":"page","link":"https:\/\/follgas-shop.de\/index.php\/zahlung-versand\/","title":{"rendered":"Zahlung &#038; Versand"},"content":{"rendered":"<p>Zahlung<br \/>\nVORKASSE\/BANK\u00dcBERWEISUNG<\/p>\n<p>Mit der Rechnung erh\u00e4ltst du unsere Bankverbindung. Bitte \u00fcberweise hierzu den Gesamtbetrag deiner Rechnung unter Angabe der Bestellnummer auf das dort angegebene Bankkonto.<\/p>\n<p>Wichtiger Hinweis<\/p>\n<p>Der Versandtermin verl\u00e4ngert sich um die Zeit des Geldtransfers. Die Auftragsbearbeitung startet erst nach Geldeingang auf unserem Konto! Dies kann je nach Kreditinstitut 1-2 Werktage dauern.<\/p>\n<p>PAYPAL<\/p>\n<p>Du kannst im Warenkorb auf die verschl\u00fcsselte Website von PayPal klicken und direkt bezahlen.<\/p>\n<p>F\u00fcr diese Zahlungsart musst Du bei PayPal registriert sein.<\/p>\n<p>Die Zahlung geht sofort bei uns ein und deine Ware wird f\u00fcr den Versand vorbereitet.<\/p>\n<p>Sollte die Weiterleitung zu PayPal nicht funktionieren, melde dich einfach auf info(at)follgas.com.<br \/>\nAMAZON Pay<\/p>\n<p>Du kannst im Warenkorb auf die verschl\u00fcsselte Website von Amazon Pay klicken und direkt bezahlen.<\/p>\n<p>F\u00fcr diese Zahlungsart musst Du bei AMAZON registriert sein.<\/p>\n<p>Die Zahlung geht sofort bei uns ein und deine Ware wird f\u00fcr den Versand vorbereitet.<\/p>\n<p>Sollte die Weiterleitung zu PayPal nicht funktionieren, melde dich einfach auf info(at)follgas.com.<\/p>\n<p>Versandinformationen<\/p>\n<p>Wir versenden zu folgenden Konditionen innerhalb Deutschlands incl. Versicherung und Verpackung.<\/p>\n<p>Grunds\u00e4tzlich Versuchen wir Bestellungen m\u00f6glichst effizient zu versenden.<\/p>\n<p>Eine 250ml Dose wiegt rund 300 Gramm<\/p>\n<p>Pro Karton werden maximal 24 Dosen versendet \u00fcber DHL<\/p>\n<p>bis 5 kg 6,90\u20ac<br \/>\nbis 10 kg 7,90\u20ac<br \/>\nab 10 kg 12,90\u20ac<br \/>\nbis 31,5kg<\/p>\n<p>Falls Sie besch\u00e4digte Ware erhalten haben, kein Problem.<\/p>\n<p>Bitte Dokumentieren Sie Transportsch\u00e4den und vermerken dies bei dem jeweiligen Dienstleister.<\/p>\n<p>Informieren Sie uns \u00fcber info(at)follgas.com<\/p>\n<p>Bitte senden Sie erst nach Kl\u00e4rung defekte oder Umtausch- Ware an uns zur\u00fcck.<\/p>\n<p>Nicht autorisiert R\u00fccksendungen k\u00f6nnen wir nicht annehmen.<\/p>\n<p>Versand au\u00dferhalb der EU<\/p>\n<p>Falls Sie aus einem anderen Land bestellen m\u00f6chten schreiben Sie uns bitte eine unverbindliche Anfrage an info(at)follgas.com<\/p>\n<p>B2B<\/p>\n<p>Bitte richten Sie Ihre Anfrage an info(at)follgas.com<\/p>\n","protected":false},"excerpt":{"rendered":"<p>Zahlung VORKASSE\/BANK\u00dcBERWEISUNG Mit der Rechnung erh\u00e4ltst du unsere Bankverbindung. Bitte \u00fcberweise hierzu den Gesamtbetrag deiner Rechnung unter Angabe der Bestellnummer auf das dort angegebene Bankkonto. Wichtiger Hinweis Der Versandtermin verl\u00e4ngert sich um die Zeit des Geldtransfers. Die Auftragsbearbeitung startet erst nach Geldeingang auf unserem Konto! Dies kann je nach Kreditinstitut 1-2 Werktage dauern. PAYPAL Du [&hellip;]<\/p>\n","protected":false},"author":1,"featured_media":0,"parent":0,"menu_order":0,"comment_status":"closed","ping_status":"closed","template":"","meta":{"footnotes":""},"yoast_head":"<!-- This site is optimized with the Yoast SEO plugin v22.3 - https:\/\/yoast.com\/wordpress\/plugins\/seo\/ -->\n<title>Zahlung &amp; Versand - FOLLGAS Online-Shop<\/title>\n<meta name=\"description\" content=\"Alle Infos zu Zahlung &amp; Versand im FOLLGAS Shop: Zahlungsmethoden, Lieferzeiten und Versandkosten \u00fcbersichtlich erkl\u00e4rt f\u00fcr eine einfache Bestellung.\" \/>\n<meta name=\"robots\" content=\"index, follow, max-snippet:-1, max-image-preview:large, max-video-preview:-1\" \/>\n<link rel=\"canonical\" href=\"https:\/\/follgas-shop.de\/index.php\/zahlung-versand\/\" \/>\n<meta property=\"og:locale\" content=\"de_DE\" \/>\n<meta property=\"og:type\" content=\"article\" \/>\n<meta property=\"og:title\" content=\"Zahlung &amp; Versand - FOLLGAS Online-Shop\" \/>\n<meta property=\"og:description\" content=\"Alle Infos zu Zahlung &amp; Versand im FOLLGAS Shop: Zahlungsmethoden, Lieferzeiten und Versandkosten \u00fcbersichtlich erkl\u00e4rt f\u00fcr eine einfache Bestellung.\" \/>\n<meta property=\"og:url\" content=\"https:\/\/follgas-shop.de\/index.php\/zahlung-versand\/\" \/>\n<meta property=\"og:site_name\" content=\"FOLLGAS Online-Shop\" \/>\n<meta property=\"article:modified_time\" content=\"2025-11-21T15:27:51+00:00\" \/>\n<meta name=\"twitter:card\" content=\"summary_large_image\" \/>\n<meta name=\"twitter:label1\" content=\"Gesch\u00e4tzte Lesezeit\" \/>\n\t<meta name=\"twitter:data1\" content=\"2\u00a0Minuten\" \/>\n<script type=\"application\/ld+json\" class=\"yoast-schema-graph\">{\"@context\":\"https:\/\/schema.org\",\"@graph\":[{\"@type\":\"WebPage\",\"@id\":\"https:\/\/follgas-shop.de\/index.php\/zahlung-versand\/\",\"url\":\"https:\/\/follgas-shop.de\/index.php\/zahlung-versand\/\",\"name\":\"Zahlung & Versand - FOLLGAS Online-Shop\",\"isPartOf\":{\"@id\":\"https:\/\/follgas-shop.de\/#website\"},\"datePublished\":\"2021-01-25T14:50:23+00:00\",\"dateModified\":\"2025-11-21T15:27:51+00:00\",\"description\":\"Alle Infos zu Zahlung & Versand im FOLLGAS Shop: Zahlungsmethoden, Lieferzeiten und Versandkosten \u00fcbersichtlich erkl\u00e4rt f\u00fcr eine einfache Bestellung.\",\"breadcrumb\":{\"@id\":\"https:\/\/follgas-shop.de\/index.php\/zahlung-versand\/#breadcrumb\"},\"inLanguage\":\"de\",\"potentialAction\":[{\"@type\":\"ReadAction\",\"target\":[\"https:\/\/follgas-shop.de\/index.php\/zahlung-versand\/\"]}]},{\"@type\":\"BreadcrumbList\",\"@id\":\"https:\/\/follgas-shop.de\/index.php\/zahlung-versand\/#breadcrumb\",\"itemListElement\":[{\"@type\":\"ListItem\",\"position\":1,\"name\":\"Startseite\",\"item\":\"https:\/\/follgas-shop.de\/\"},{\"@type\":\"ListItem\",\"position\":2,\"name\":\"Zahlung &#038; Versand\"}]},{\"@type\":\"WebSite\",\"@id\":\"https:\/\/follgas-shop.de\/#website\",\"url\":\"https:\/\/follgas-shop.de\/\",\"name\":\"FOLLGAS Online-Shop\",\"description\":\"\",\"publisher\":{\"@id\":\"https:\/\/follgas-shop.de\/#organization\"},\"potentialAction\":[{\"@type\":\"SearchAction\",\"target\":{\"@type\":\"EntryPoint\",\"urlTemplate\":\"https:\/\/follgas-shop.de\/?s={search_term_string}\"},\"query-input\":\"required name=search_term_string\"}],\"inLanguage\":\"de\"},{\"@type\":\"Organization\",\"@id\":\"https:\/\/follgas-shop.de\/#organization\",\"name\":\"FOLLGAS Online-Shop\",\"url\":\"https:\/\/follgas-shop.de\/\",\"logo\":{\"@type\":\"ImageObject\",\"inLanguage\":\"de\",\"@id\":\"https:\/\/follgas-shop.de\/#\/schema\/logo\/image\/\",\"url\":\"https:\/\/follgas-shop.de\/wp-content\/uploads\/2021\/01\/cropped-cropped-vv-1.png\",\"contentUrl\":\"https:\/\/follgas-shop.de\/wp-content\/uploads\/2021\/01\/cropped-cropped-vv-1.png\",\"width\":279,\"height\":119,\"caption\":\"FOLLGAS Online-Shop\"},\"image\":{\"@id\":\"https:\/\/follgas-shop.de\/#\/schema\/logo\/image\/\"}}]}<\/script>\n<!-- \/ Yoast SEO plugin. -->","yoast_head_json":{"title":"Zahlung & Versand - FOLLGAS Online-Shop","description":"Alle Infos zu Zahlung & Versand im FOLLGAS Shop: Zahlungsmethoden, Lieferzeiten und Versandkosten \u00fcbersichtlich erkl\u00e4rt f\u00fcr eine einfache Bestellung.","robots":{"index":"index","follow":"follow","max-snippet":"max-snippet:-1","max-image-preview":"max-image-preview:large","max-video-preview":"max-video-preview:-1"},"canonical":"https:\/\/follgas-shop.de\/index.php\/zahlung-versand\/","og_locale":"de_DE","og_type":"article","og_title":"Zahlung & Versand - FOLLGAS Online-Shop","og_description":"Alle Infos zu Zahlung & Versand im FOLLGAS Shop: Zahlungsmethoden, Lieferzeiten und Versandkosten \u00fcbersichtlich erkl\u00e4rt f\u00fcr eine einfache Bestellung.","og_url":"https:\/\/follgas-shop.de\/index.php\/zahlung-versand\/","og_site_name":"FOLLGAS Online-Shop","article_modified_time":"2025-11-21T15:27:51+00:00","twitter_card":"summary_large_image","twitter_misc":{"Gesch\u00e4tzte Lesezeit":"2\u00a0Minuten"},"schema":{"@context":"https:\/\/schema.org","@graph":[{"@type":"WebPage","@id":"https:\/\/follgas-shop.de\/index.php\/zahlung-versand\/","url":"https:\/\/follgas-shop.de\/index.php\/zahlung-versand\/","name":"Zahlung & Versand - FOLLGAS Online-Shop","isPartOf":{"@id":"https:\/\/follgas-shop.de\/#website"},"datePublished":"2021-01-25T14:50:23+00:00","dateModified":"2025-11-21T15:27:51+00:00","description":"Alle Infos zu Zahlung & Versand im FOLLGAS Shop: Zahlungsmethoden, Lieferzeiten und Versandkosten \u00fcbersichtlich erkl\u00e4rt f\u00fcr eine einfache Bestellung.","breadcrumb":{"@id":"https:\/\/follgas-shop.de\/index.php\/zahlung-versand\/#breadcrumb"},"inLanguage":"de","potentialAction":[{"@type":"ReadAction","target":["https:\/\/follgas-shop.de\/index.php\/zahlung-versand\/"]}]},{"@type":"BreadcrumbList","@id":"https:\/\/follgas-shop.de\/index.php\/zahlung-versand\/#breadcrumb","itemListElement":[{"@type":"ListItem","position":1,"name":"Startseite","item":"https:\/\/follgas-shop.de\/"},{"@type":"ListItem","position":2,"name":"Zahlung &#038; Versand"}]},{"@type":"WebSite","@id":"https:\/\/follgas-shop.de\/#website","url":"https:\/\/follgas-shop.de\/","name":"FOLLGAS Online-Shop","description":"","publisher":{"@id":"https:\/\/follgas-shop.de\/#organization"},"potentialAction":[{"@type":"SearchAction","target":{"@type":"EntryPoint","urlTemplate":"https:\/\/follgas-shop.de\/?s={search_term_string}"},"query-input":"required name=search_term_string"}],"inLanguage":"de"},{"@type":"Organization","@id":"https:\/\/follgas-shop.de\/#organization","name":"FOLLGAS Online-Shop","url":"https:\/\/follgas-shop.de\/","logo":{"@type":"ImageObject","inLanguage":"de","@id":"https:\/\/follgas-shop.de\/#\/schema\/logo\/image\/","url":"https:\/\/follgas-shop.de\/wp-content\/uploads\/2021\/01\/cropped-cropped-vv-1.png","contentUrl":"https:\/\/follgas-shop.de\/wp-content\/uploads\/2021\/01\/cropped-cropped-vv-1.png","width":279,"height":119,"caption":"FOLLGAS Online-Shop"},"image":{"@id":"https:\/\/follgas-shop.de\/#\/schema\/logo\/image\/"}}]}},"_links":{"self":[{"href":"https:\/\/follgas-shop.de\/index.php\/wp-json\/wp\/v2\/pages\/24"}],"collection":[{"href":"https:\/\/follgas-shop.de\/index.php\/wp-json\/wp\/v2\/pages"}],"about":[{"href":"https:\/\/follgas-shop.de\/index.php\/wp-json\/wp\/v2\/types\/page"}],"author":[{"embeddable":true,"href":"https:\/\/follgas-shop.de\/index.php\/wp-json\/wp\/v2\/users\/1"}],"replies":[{"embeddable":true,"href":"https:\/\/follgas-shop.de\/index.php\/wp-json\/wp\/v2\/comments?post=24"}],"version-history":[{"count":1,"href":"https:\/\/follgas-shop.de\/index.php\/wp-json\/wp\/v2\/pages\/24\/revisions"}],"predecessor-version":[{"id":25,"href":"https:\/\/follgas-shop.de\/index.php\/wp-json\/wp\/v2\/pages\/24\/revisions\/25"}],"wp:attachment":[{"href":"https:\/\/follgas-shop.de\/index.php\/wp-json\/wp\/v2\/media?parent=24"}],"curies":[{"name":"wp","href":"https:\/\/api.w.org\/{rel}","templated":true}]}}