
{"id":325,"date":"2022-08-29T21:17:44","date_gmt":"2022-08-29T19:17:44","guid":{"rendered":"https:\/\/follgas-shop.de\/?post_type=product&#038;p=325"},"modified":"2025-11-27T15:49:12","modified_gmt":"2025-11-27T14:49:12","slug":"follgas-energydrink-stickerpakete-outdoor","status":"publish","type":"product","link":"https:\/\/follgas-shop.de\/index.php\/produkt\/follgas-energydrink-stickerpakete-outdoor\/","title":{"rendered":"FOLLGAS Stickerpakete UV-best\u00e4ndig"},"content":{"rendered":"<p>Die FOLLGAS Stickerpakete bieten hochwertige, UV-best\u00e4ndige Aufkleber im Format 21,2 \u00d7 7,6 cm mit geschlitzter R\u00fcckseite f\u00fcr besonders leichtes Abziehen. Die kr\u00e4ftige Haftung und das langlebige Druckbild machen sie ideal f\u00fcr Fahrzeuge, Werkzeugkisten, Garage, Laptop oder Merchandising. Dank mehrerer Paketgr\u00f6\u00dfen von 10 bis 100 St\u00fcck findest du immer die passende Menge \u2013 egal ob f\u00fcr Fans, H\u00e4ndler oder Promotionaktionen. Ein starkes Design, das lange h\u00e4lt und \u00fcberall auff\u00e4llt.<\/p>\n","protected":false},"excerpt":{"rendered":"<p>Die FOLLGAS Stickerpakete bieten hochwertige, UV-best\u00e4ndige Aufkleber im Format 21,2 \u00d7 7,6 cm mit geschlitzter R\u00fcckseite f\u00fcr besonders leichtes Abziehen. Die kr\u00e4ftige Haftung und das langlebige Druckbild machen sie ideal f\u00fcr Fahrzeuge, Werkzeugkisten, Garage, Laptop oder Merchandising. Dank mehrerer Paketgr\u00f6\u00dfen von 10 bis 100 St\u00fcck findest du immer die passende Menge \u2013 egal ob f\u00fcr [&hellip;]<\/p>\n","protected":false},"featured_media":341,"comment_status":"open","ping_status":"closed","template":"","meta":[],"product_cat":[17],"product_tag":[],"yoast_head":"<!-- This site is optimized with the Yoast SEO plugin v22.3 - https:\/\/yoast.com\/wordpress\/plugins\/seo\/ -->\n<title>FOLLGAS Stickerpakete UV-best\u00e4ndig - FOLLGAS Online-Shop<\/title>\n<meta name=\"description\" content=\"FOLLGAS Sticker im Format 21,2 \u00d7 7,6 cm, geschlitzt auf der R\u00fcckseite und in Staffelpaketen erh\u00e4ltlich. Ideal f\u00fcr Auto, Motorrad oder Werkzeugkoffer.\" \/>\n<meta name=\"robots\" content=\"index, follow, max-snippet:-1, max-image-preview:large, max-video-preview:-1\" \/>\n<link rel=\"canonical\" href=\"https:\/\/follgas-shop.de\/index.php\/produkt\/follgas-energydrink-stickerpakete-outdoor\/\" \/>\n<meta property=\"og:locale\" content=\"de_DE\" \/>\n<meta property=\"og:type\" content=\"article\" \/>\n<meta property=\"og:title\" content=\"FOLLGAS Stickerpakete UV-best\u00e4ndig - FOLLGAS Online-Shop\" \/>\n<meta property=\"og:description\" content=\"FOLLGAS Sticker im Format 21,2 \u00d7 7,6 cm, geschlitzt auf der R\u00fcckseite und in Staffelpaketen erh\u00e4ltlich. Ideal f\u00fcr Auto, Motorrad oder Werkzeugkoffer.\" \/>\n<meta property=\"og:url\" content=\"https:\/\/follgas-shop.de\/index.php\/produkt\/follgas-energydrink-stickerpakete-outdoor\/\" \/>\n<meta property=\"og:site_name\" content=\"FOLLGAS Online-Shop\" \/>\n<meta property=\"article:modified_time\" content=\"2025-11-27T14:49:12+00:00\" \/>\n<meta property=\"og:image\" content=\"https:\/\/follgas-shop.de\/wp-content\/uploads\/2022\/08\/asdfasdf435-scaled.jpg\" \/>\n\t<meta property=\"og:image:width\" content=\"2560\" \/>\n\t<meta property=\"og:image:height\" content=\"918\" \/>\n\t<meta property=\"og:image:type\" content=\"image\/jpeg\" \/>\n<meta name=\"twitter:card\" content=\"summary_large_image\" \/>\n<meta name=\"twitter:label1\" content=\"Gesch\u00e4tzte Lesezeit\" \/>\n\t<meta name=\"twitter:data1\" content=\"1\u00a0Minute\" \/>\n<script type=\"application\/ld+json\" class=\"yoast-schema-graph\">{\"@context\":\"https:\/\/schema.org\",\"@graph\":[{\"@type\":\"WebPage\",\"@id\":\"https:\/\/follgas-shop.de\/index.php\/produkt\/follgas-energydrink-stickerpakete-outdoor\/\",\"url\":\"https:\/\/follgas-shop.de\/index.php\/produkt\/follgas-energydrink-stickerpakete-outdoor\/\",\"name\":\"FOLLGAS Stickerpakete UV-best\u00e4ndig - FOLLGAS Online-Shop\",\"isPartOf\":{\"@id\":\"https:\/\/follgas-shop.de\/#website\"},\"primaryImageOfPage\":{\"@id\":\"https:\/\/follgas-shop.de\/index.php\/produkt\/follgas-energydrink-stickerpakete-outdoor\/#primaryimage\"},\"image\":{\"@id\":\"https:\/\/follgas-shop.de\/index.php\/produkt\/follgas-energydrink-stickerpakete-outdoor\/#primaryimage\"},\"thumbnailUrl\":\"https:\/\/follgas-shop.de\/wp-content\/uploads\/2022\/08\/asdfasdf435-scaled.jpg\",\"datePublished\":\"2022-08-29T19:17:44+00:00\",\"dateModified\":\"2025-11-27T14:49:12+00:00\",\"description\":\"FOLLGAS Sticker im Format 21,2 \u00d7 7,6 cm, geschlitzt auf der R\u00fcckseite und in Staffelpaketen erh\u00e4ltlich. Ideal f\u00fcr Auto, Motorrad oder Werkzeugkoffer.\",\"breadcrumb\":{\"@id\":\"https:\/\/follgas-shop.de\/index.php\/produkt\/follgas-energydrink-stickerpakete-outdoor\/#breadcrumb\"},\"inLanguage\":\"de\",\"potentialAction\":[{\"@type\":\"ReadAction\",\"target\":[\"https:\/\/follgas-shop.de\/index.php\/produkt\/follgas-energydrink-stickerpakete-outdoor\/\"]}]},{\"@type\":\"ImageObject\",\"inLanguage\":\"de\",\"@id\":\"https:\/\/follgas-shop.de\/index.php\/produkt\/follgas-energydrink-stickerpakete-outdoor\/#primaryimage\",\"url\":\"https:\/\/follgas-shop.de\/wp-content\/uploads\/2022\/08\/asdfasdf435-scaled.jpg\",\"contentUrl\":\"https:\/\/follgas-shop.de\/wp-content\/uploads\/2022\/08\/asdfasdf435-scaled.jpg\",\"width\":2560,\"height\":918,\"caption\":\"Follgas Sticker\"},{\"@type\":\"BreadcrumbList\",\"@id\":\"https:\/\/follgas-shop.de\/index.php\/produkt\/follgas-energydrink-stickerpakete-outdoor\/#breadcrumb\",\"itemListElement\":[{\"@type\":\"ListItem\",\"position\":1,\"name\":\"Startseite\",\"item\":\"https:\/\/follgas-shop.de\/\"},{\"@type\":\"ListItem\",\"position\":2,\"name\":\"Shop\",\"item\":\"https:\/\/follgas-shop.de\/\"},{\"@type\":\"ListItem\",\"position\":3,\"name\":\"FOLLGAS Stickerpakete UV-best\u00e4ndig\"}]},{\"@type\":\"WebSite\",\"@id\":\"https:\/\/follgas-shop.de\/#website\",\"url\":\"https:\/\/follgas-shop.de\/\",\"name\":\"FOLLGAS Online-Shop\",\"description\":\"\",\"publisher\":{\"@id\":\"https:\/\/follgas-shop.de\/#organization\"},\"potentialAction\":[{\"@type\":\"SearchAction\",\"target\":{\"@type\":\"EntryPoint\",\"urlTemplate\":\"https:\/\/follgas-shop.de\/?s={search_term_string}\"},\"query-input\":\"required name=search_term_string\"}],\"inLanguage\":\"de\"},{\"@type\":\"Organization\",\"@id\":\"https:\/\/follgas-shop.de\/#organization\",\"name\":\"FOLLGAS Online-Shop\",\"url\":\"https:\/\/follgas-shop.de\/\",\"logo\":{\"@type\":\"ImageObject\",\"inLanguage\":\"de\",\"@id\":\"https:\/\/follgas-shop.de\/#\/schema\/logo\/image\/\",\"url\":\"https:\/\/follgas-shop.de\/wp-content\/uploads\/2021\/01\/cropped-cropped-vv-1.png\",\"contentUrl\":\"https:\/\/follgas-shop.de\/wp-content\/uploads\/2021\/01\/cropped-cropped-vv-1.png\",\"width\":279,\"height\":119,\"caption\":\"FOLLGAS Online-Shop\"},\"image\":{\"@id\":\"https:\/\/follgas-shop.de\/#\/schema\/logo\/image\/\"}}]}<\/script>\n<!-- \/ Yoast SEO plugin. -->","yoast_head_json":{"title":"FOLLGAS Stickerpakete UV-best\u00e4ndig - FOLLGAS Online-Shop","description":"FOLLGAS Sticker im Format 21,2 \u00d7 7,6 cm, geschlitzt auf der R\u00fcckseite und in Staffelpaketen erh\u00e4ltlich. Ideal f\u00fcr Auto, Motorrad oder Werkzeugkoffer.","robots":{"index":"index","follow":"follow","max-snippet":"max-snippet:-1","max-image-preview":"max-image-preview:large","max-video-preview":"max-video-preview:-1"},"canonical":"https:\/\/follgas-shop.de\/index.php\/produkt\/follgas-energydrink-stickerpakete-outdoor\/","og_locale":"de_DE","og_type":"article","og_title":"FOLLGAS Stickerpakete UV-best\u00e4ndig - FOLLGAS Online-Shop","og_description":"FOLLGAS Sticker im Format 21,2 \u00d7 7,6 cm, geschlitzt auf der R\u00fcckseite und in Staffelpaketen erh\u00e4ltlich. Ideal f\u00fcr Auto, Motorrad oder Werkzeugkoffer.","og_url":"https:\/\/follgas-shop.de\/index.php\/produkt\/follgas-energydrink-stickerpakete-outdoor\/","og_site_name":"FOLLGAS Online-Shop","article_modified_time":"2025-11-27T14:49:12+00:00","og_image":[{"width":2560,"height":918,"url":"https:\/\/follgas-shop.de\/wp-content\/uploads\/2022\/08\/asdfasdf435-scaled.jpg","type":"image\/jpeg"}],"twitter_card":"summary_large_image","twitter_misc":{"Gesch\u00e4tzte Lesezeit":"1\u00a0Minute"},"schema":{"@context":"https:\/\/schema.org","@graph":[{"@type":"WebPage","@id":"https:\/\/follgas-shop.de\/index.php\/produkt\/follgas-energydrink-stickerpakete-outdoor\/","url":"https:\/\/follgas-shop.de\/index.php\/produkt\/follgas-energydrink-stickerpakete-outdoor\/","name":"FOLLGAS Stickerpakete UV-best\u00e4ndig - FOLLGAS Online-Shop","isPartOf":{"@id":"https:\/\/follgas-shop.de\/#website"},"primaryImageOfPage":{"@id":"https:\/\/follgas-shop.de\/index.php\/produkt\/follgas-energydrink-stickerpakete-outdoor\/#primaryimage"},"image":{"@id":"https:\/\/follgas-shop.de\/index.php\/produkt\/follgas-energydrink-stickerpakete-outdoor\/#primaryimage"},"thumbnailUrl":"https:\/\/follgas-shop.de\/wp-content\/uploads\/2022\/08\/asdfasdf435-scaled.jpg","datePublished":"2022-08-29T19:17:44+00:00","dateModified":"2025-11-27T14:49:12+00:00","description":"FOLLGAS Sticker im Format 21,2 \u00d7 7,6 cm, geschlitzt auf der R\u00fcckseite und in Staffelpaketen erh\u00e4ltlich. Ideal f\u00fcr Auto, Motorrad oder Werkzeugkoffer.","breadcrumb":{"@id":"https:\/\/follgas-shop.de\/index.php\/produkt\/follgas-energydrink-stickerpakete-outdoor\/#breadcrumb"},"inLanguage":"de","potentialAction":[{"@type":"ReadAction","target":["https:\/\/follgas-shop.de\/index.php\/produkt\/follgas-energydrink-stickerpakete-outdoor\/"]}]},{"@type":"ImageObject","inLanguage":"de","@id":"https:\/\/follgas-shop.de\/index.php\/produkt\/follgas-energydrink-stickerpakete-outdoor\/#primaryimage","url":"https:\/\/follgas-shop.de\/wp-content\/uploads\/2022\/08\/asdfasdf435-scaled.jpg","contentUrl":"https:\/\/follgas-shop.de\/wp-content\/uploads\/2022\/08\/asdfasdf435-scaled.jpg","width":2560,"height":918,"caption":"Follgas Sticker"},{"@type":"BreadcrumbList","@id":"https:\/\/follgas-shop.de\/index.php\/produkt\/follgas-energydrink-stickerpakete-outdoor\/#breadcrumb","itemListElement":[{"@type":"ListItem","position":1,"name":"Startseite","item":"https:\/\/follgas-shop.de\/"},{"@type":"ListItem","position":2,"name":"Shop","item":"https:\/\/follgas-shop.de\/"},{"@type":"ListItem","position":3,"name":"FOLLGAS Stickerpakete UV-best\u00e4ndig"}]},{"@type":"WebSite","@id":"https:\/\/follgas-shop.de\/#website","url":"https:\/\/follgas-shop.de\/","name":"FOLLGAS Online-Shop","description":"","publisher":{"@id":"https:\/\/follgas-shop.de\/#organization"},"potentialAction":[{"@type":"SearchAction","target":{"@type":"EntryPoint","urlTemplate":"https:\/\/follgas-shop.de\/?s={search_term_string}"},"query-input":"required name=search_term_string"}],"inLanguage":"de"},{"@type":"Organization","@id":"https:\/\/follgas-shop.de\/#organization","name":"FOLLGAS Online-Shop","url":"https:\/\/follgas-shop.de\/","logo":{"@type":"ImageObject","inLanguage":"de","@id":"https:\/\/follgas-shop.de\/#\/schema\/logo\/image\/","url":"https:\/\/follgas-shop.de\/wp-content\/uploads\/2021\/01\/cropped-cropped-vv-1.png","contentUrl":"https:\/\/follgas-shop.de\/wp-content\/uploads\/2021\/01\/cropped-cropped-vv-1.png","width":279,"height":119,"caption":"FOLLGAS Online-Shop"},"image":{"@id":"https:\/\/follgas-shop.de\/#\/schema\/logo\/image\/"}}]}},"_links":{"self":[{"href":"https:\/\/follgas-shop.de\/index.php\/wp-json\/wp\/v2\/product\/325"}],"collection":[{"href":"https:\/\/follgas-shop.de\/index.php\/wp-json\/wp\/v2\/product"}],"about":[{"href":"https:\/\/follgas-shop.de\/index.php\/wp-json\/wp\/v2\/types\/product"}],"replies":[{"embeddable":true,"href":"https:\/\/follgas-shop.de\/index.php\/wp-json\/wp\/v2\/comments?post=325"}],"wp:featuredmedia":[{"embeddable":true,"href":"https:\/\/follgas-shop.de\/index.php\/wp-json\/wp\/v2\/media\/341"}],"wp:attachment":[{"href":"https:\/\/follgas-shop.de\/index.php\/wp-json\/wp\/v2\/media?parent=325"}],"wp:term":[{"taxonomy":"product_cat","embeddable":true,"href":"https:\/\/follgas-shop.de\/index.php\/wp-json\/wp\/v2\/product_cat?post=325"},{"taxonomy":"product_tag","embeddable":true,"href":"https:\/\/follgas-shop.de\/index.php\/wp-json\/wp\/v2\/product_tag?post=325"}],"curies":[{"name":"wp","href":"https:\/\/api.w.org\/{rel}","templated":true}]}}