
{"id":36,"date":"2021-01-25T16:14:10","date_gmt":"2021-01-25T15:14:10","guid":{"rendered":"https:\/\/follgas-shop.de\/?post_type=product&#038;p=36"},"modified":"2026-01-31T19:41:55","modified_gmt":"2026-01-31T18:41:55","slug":"follgas-energydrink-mango","status":"publish","type":"product","link":"https:\/\/follgas-shop.de\/index.php\/produkt\/follgas-energydrink-mango\/","title":{"rendered":"FOLLGAS Energydrink Mango  \u2013 250 ml"},"content":{"rendered":"<p data-start=\"698\" data-end=\"860\">Die <strong data-start=\"702\" data-end=\"753\">FOLLGAS Energy Drink Mango 250\u202fml Slimline Dose<\/strong> ist die perfekte Wahl f\u00fcr alle, die tropisch-fruchtigen Energy-Drink-Geschmack kompakt genie\u00dfen m\u00f6chten.<\/p>\n<p data-start=\"862\" data-end=\"1106\">Der Mango Energy Drink \u00fcberzeugt mit intensivem Mangogeschmack, prickelnder Kohlens\u00e4ure und belebendem Koffein. Die <strong data-start=\"978\" data-end=\"1012\">handliche 250\u202fml Slimline Dose<\/strong> ist ideal f\u00fcr unterwegs, im B\u00fcro, beim Sport oder als schneller Energieschub zwischendurch.<\/p>\n<p data-start=\"1108\" data-end=\"1306\">Ob f\u00fcr die kleine Erfrischung zwischendurch, unterwegs oder f\u00fcr die Nutzung bei Events \u2013 diese Dose bietet tropischen Geschmack, zuverl\u00e4ssige Energie und maximale Flexibilit\u00e4t im kompakten Format.<\/p>\n","protected":false},"excerpt":{"rendered":"<p data-start=\"507\" data-end=\"643\">FOLLGAS Energy Drink Mango (250\u202fml Slimline Dose) \u2013 tropischer Geschmack, belebendes Koffein &amp; perfekt f\u00fcr unterwegs oder zwischendurch.<\/p>\n","protected":false},"featured_media":718,"comment_status":"open","ping_status":"closed","template":"","meta":[],"product_cat":[15],"product_tag":[],"yoast_head":"<!-- This site is optimized with the Yoast SEO plugin v22.3 - https:\/\/yoast.com\/wordpress\/plugins\/seo\/ -->\n<title>FOLLGAS Energydrink Mango \u2013 250 ml - FOLLGAS Online-Shop<\/title>\n<meta name=\"description\" content=\"Fruchtiger FOLLGAS Energydrink Mango in der 250 ml slimline Dose. Exotischer Mango Geschmack und belebende Energy-Formel. Perfekt f\u00fcr zwischendurch.\" \/>\n<meta name=\"robots\" content=\"index, follow, max-snippet:-1, max-image-preview:large, max-video-preview:-1\" \/>\n<link rel=\"canonical\" href=\"https:\/\/follgas-shop.de\/index.php\/produkt\/follgas-energydrink-mango\/\" \/>\n<meta property=\"og:locale\" content=\"de_DE\" \/>\n<meta property=\"og:type\" content=\"article\" \/>\n<meta property=\"og:title\" content=\"FOLLGAS Energydrink Mango \u2013 250 ml - FOLLGAS Online-Shop\" \/>\n<meta property=\"og:description\" content=\"Fruchtiger FOLLGAS Energydrink Mango in der 250 ml slimline Dose. Exotischer Mango Geschmack und belebende Energy-Formel. Perfekt f\u00fcr zwischendurch.\" \/>\n<meta property=\"og:url\" content=\"https:\/\/follgas-shop.de\/index.php\/produkt\/follgas-energydrink-mango\/\" \/>\n<meta property=\"og:site_name\" content=\"FOLLGAS Online-Shop\" \/>\n<meta property=\"article:modified_time\" content=\"2026-01-31T18:41:55+00:00\" \/>\n<meta property=\"og:image\" content=\"https:\/\/follgas-shop.de\/wp-content\/uploads\/2026\/01\/Follgas_Mango_1_weiss.png\" \/>\n\t<meta property=\"og:image:width\" content=\"1080\" \/>\n\t<meta property=\"og:image:height\" content=\"1350\" \/>\n\t<meta property=\"og:image:type\" content=\"image\/png\" \/>\n<meta name=\"twitter:card\" content=\"summary_large_image\" \/>\n<meta name=\"twitter:label1\" content=\"Gesch\u00e4tzte Lesezeit\" \/>\n\t<meta name=\"twitter:data1\" content=\"1\u00a0Minute\" \/>\n<script type=\"application\/ld+json\" class=\"yoast-schema-graph\">{\"@context\":\"https:\/\/schema.org\",\"@graph\":[{\"@type\":\"WebPage\",\"@id\":\"https:\/\/follgas-shop.de\/index.php\/produkt\/follgas-energydrink-mango\/\",\"url\":\"https:\/\/follgas-shop.de\/index.php\/produkt\/follgas-energydrink-mango\/\",\"name\":\"FOLLGAS Energydrink Mango \u2013 250 ml - FOLLGAS Online-Shop\",\"isPartOf\":{\"@id\":\"https:\/\/follgas-shop.de\/#website\"},\"primaryImageOfPage\":{\"@id\":\"https:\/\/follgas-shop.de\/index.php\/produkt\/follgas-energydrink-mango\/#primaryimage\"},\"image\":{\"@id\":\"https:\/\/follgas-shop.de\/index.php\/produkt\/follgas-energydrink-mango\/#primaryimage\"},\"thumbnailUrl\":\"https:\/\/follgas-shop.de\/wp-content\/uploads\/2026\/01\/Follgas_Mango_1_weiss.png\",\"datePublished\":\"2021-01-25T15:14:10+00:00\",\"dateModified\":\"2026-01-31T18:41:55+00:00\",\"description\":\"Fruchtiger FOLLGAS Energydrink Mango in der 250 ml slimline Dose. Exotischer Mango Geschmack und belebende Energy-Formel. Perfekt f\u00fcr zwischendurch.\",\"breadcrumb\":{\"@id\":\"https:\/\/follgas-shop.de\/index.php\/produkt\/follgas-energydrink-mango\/#breadcrumb\"},\"inLanguage\":\"de\",\"potentialAction\":[{\"@type\":\"ReadAction\",\"target\":[\"https:\/\/follgas-shop.de\/index.php\/produkt\/follgas-energydrink-mango\/\"]}]},{\"@type\":\"ImageObject\",\"inLanguage\":\"de\",\"@id\":\"https:\/\/follgas-shop.de\/index.php\/produkt\/follgas-energydrink-mango\/#primaryimage\",\"url\":\"https:\/\/follgas-shop.de\/wp-content\/uploads\/2026\/01\/Follgas_Mango_1_weiss.png\",\"contentUrl\":\"https:\/\/follgas-shop.de\/wp-content\/uploads\/2026\/01\/Follgas_Mango_1_weiss.png\",\"width\":1080,\"height\":1350,\"caption\":\"Follgas Mango 1\"},{\"@type\":\"BreadcrumbList\",\"@id\":\"https:\/\/follgas-shop.de\/index.php\/produkt\/follgas-energydrink-mango\/#breadcrumb\",\"itemListElement\":[{\"@type\":\"ListItem\",\"position\":1,\"name\":\"Startseite\",\"item\":\"https:\/\/follgas-shop.de\/\"},{\"@type\":\"ListItem\",\"position\":2,\"name\":\"Shop\",\"item\":\"https:\/\/follgas-shop.de\/\"},{\"@type\":\"ListItem\",\"position\":3,\"name\":\"FOLLGAS Energydrink Mango \u2013 250 ml\"}]},{\"@type\":\"WebSite\",\"@id\":\"https:\/\/follgas-shop.de\/#website\",\"url\":\"https:\/\/follgas-shop.de\/\",\"name\":\"FOLLGAS Online-Shop\",\"description\":\"\",\"publisher\":{\"@id\":\"https:\/\/follgas-shop.de\/#organization\"},\"potentialAction\":[{\"@type\":\"SearchAction\",\"target\":{\"@type\":\"EntryPoint\",\"urlTemplate\":\"https:\/\/follgas-shop.de\/?s={search_term_string}\"},\"query-input\":\"required name=search_term_string\"}],\"inLanguage\":\"de\"},{\"@type\":\"Organization\",\"@id\":\"https:\/\/follgas-shop.de\/#organization\",\"name\":\"FOLLGAS Online-Shop\",\"url\":\"https:\/\/follgas-shop.de\/\",\"logo\":{\"@type\":\"ImageObject\",\"inLanguage\":\"de\",\"@id\":\"https:\/\/follgas-shop.de\/#\/schema\/logo\/image\/\",\"url\":\"https:\/\/follgas-shop.de\/wp-content\/uploads\/2021\/01\/cropped-cropped-vv-1.png\",\"contentUrl\":\"https:\/\/follgas-shop.de\/wp-content\/uploads\/2021\/01\/cropped-cropped-vv-1.png\",\"width\":279,\"height\":119,\"caption\":\"FOLLGAS Online-Shop\"},\"image\":{\"@id\":\"https:\/\/follgas-shop.de\/#\/schema\/logo\/image\/\"}}]}<\/script>\n<!-- \/ Yoast SEO plugin. -->","yoast_head_json":{"title":"FOLLGAS Energydrink Mango \u2013 250 ml - FOLLGAS Online-Shop","description":"Fruchtiger FOLLGAS Energydrink Mango in der 250 ml slimline Dose. Exotischer Mango Geschmack und belebende Energy-Formel. Perfekt f\u00fcr zwischendurch.","robots":{"index":"index","follow":"follow","max-snippet":"max-snippet:-1","max-image-preview":"max-image-preview:large","max-video-preview":"max-video-preview:-1"},"canonical":"https:\/\/follgas-shop.de\/index.php\/produkt\/follgas-energydrink-mango\/","og_locale":"de_DE","og_type":"article","og_title":"FOLLGAS Energydrink Mango \u2013 250 ml - FOLLGAS Online-Shop","og_description":"Fruchtiger FOLLGAS Energydrink Mango in der 250 ml slimline Dose. Exotischer Mango Geschmack und belebende Energy-Formel. Perfekt f\u00fcr zwischendurch.","og_url":"https:\/\/follgas-shop.de\/index.php\/produkt\/follgas-energydrink-mango\/","og_site_name":"FOLLGAS Online-Shop","article_modified_time":"2026-01-31T18:41:55+00:00","og_image":[{"width":1080,"height":1350,"url":"https:\/\/follgas-shop.de\/wp-content\/uploads\/2026\/01\/Follgas_Mango_1_weiss.png","type":"image\/png"}],"twitter_card":"summary_large_image","twitter_misc":{"Gesch\u00e4tzte Lesezeit":"1\u00a0Minute"},"schema":{"@context":"https:\/\/schema.org","@graph":[{"@type":"WebPage","@id":"https:\/\/follgas-shop.de\/index.php\/produkt\/follgas-energydrink-mango\/","url":"https:\/\/follgas-shop.de\/index.php\/produkt\/follgas-energydrink-mango\/","name":"FOLLGAS Energydrink Mango \u2013 250 ml - FOLLGAS Online-Shop","isPartOf":{"@id":"https:\/\/follgas-shop.de\/#website"},"primaryImageOfPage":{"@id":"https:\/\/follgas-shop.de\/index.php\/produkt\/follgas-energydrink-mango\/#primaryimage"},"image":{"@id":"https:\/\/follgas-shop.de\/index.php\/produkt\/follgas-energydrink-mango\/#primaryimage"},"thumbnailUrl":"https:\/\/follgas-shop.de\/wp-content\/uploads\/2026\/01\/Follgas_Mango_1_weiss.png","datePublished":"2021-01-25T15:14:10+00:00","dateModified":"2026-01-31T18:41:55+00:00","description":"Fruchtiger FOLLGAS Energydrink Mango in der 250 ml slimline Dose. Exotischer Mango Geschmack und belebende Energy-Formel. Perfekt f\u00fcr zwischendurch.","breadcrumb":{"@id":"https:\/\/follgas-shop.de\/index.php\/produkt\/follgas-energydrink-mango\/#breadcrumb"},"inLanguage":"de","potentialAction":[{"@type":"ReadAction","target":["https:\/\/follgas-shop.de\/index.php\/produkt\/follgas-energydrink-mango\/"]}]},{"@type":"ImageObject","inLanguage":"de","@id":"https:\/\/follgas-shop.de\/index.php\/produkt\/follgas-energydrink-mango\/#primaryimage","url":"https:\/\/follgas-shop.de\/wp-content\/uploads\/2026\/01\/Follgas_Mango_1_weiss.png","contentUrl":"https:\/\/follgas-shop.de\/wp-content\/uploads\/2026\/01\/Follgas_Mango_1_weiss.png","width":1080,"height":1350,"caption":"Follgas Mango 1"},{"@type":"BreadcrumbList","@id":"https:\/\/follgas-shop.de\/index.php\/produkt\/follgas-energydrink-mango\/#breadcrumb","itemListElement":[{"@type":"ListItem","position":1,"name":"Startseite","item":"https:\/\/follgas-shop.de\/"},{"@type":"ListItem","position":2,"name":"Shop","item":"https:\/\/follgas-shop.de\/"},{"@type":"ListItem","position":3,"name":"FOLLGAS Energydrink Mango \u2013 250 ml"}]},{"@type":"WebSite","@id":"https:\/\/follgas-shop.de\/#website","url":"https:\/\/follgas-shop.de\/","name":"FOLLGAS Online-Shop","description":"","publisher":{"@id":"https:\/\/follgas-shop.de\/#organization"},"potentialAction":[{"@type":"SearchAction","target":{"@type":"EntryPoint","urlTemplate":"https:\/\/follgas-shop.de\/?s={search_term_string}"},"query-input":"required name=search_term_string"}],"inLanguage":"de"},{"@type":"Organization","@id":"https:\/\/follgas-shop.de\/#organization","name":"FOLLGAS Online-Shop","url":"https:\/\/follgas-shop.de\/","logo":{"@type":"ImageObject","inLanguage":"de","@id":"https:\/\/follgas-shop.de\/#\/schema\/logo\/image\/","url":"https:\/\/follgas-shop.de\/wp-content\/uploads\/2021\/01\/cropped-cropped-vv-1.png","contentUrl":"https:\/\/follgas-shop.de\/wp-content\/uploads\/2021\/01\/cropped-cropped-vv-1.png","width":279,"height":119,"caption":"FOLLGAS Online-Shop"},"image":{"@id":"https:\/\/follgas-shop.de\/#\/schema\/logo\/image\/"}}]}},"_links":{"self":[{"href":"https:\/\/follgas-shop.de\/index.php\/wp-json\/wp\/v2\/product\/36"}],"collection":[{"href":"https:\/\/follgas-shop.de\/index.php\/wp-json\/wp\/v2\/product"}],"about":[{"href":"https:\/\/follgas-shop.de\/index.php\/wp-json\/wp\/v2\/types\/product"}],"replies":[{"embeddable":true,"href":"https:\/\/follgas-shop.de\/index.php\/wp-json\/wp\/v2\/comments?post=36"}],"wp:featuredmedia":[{"embeddable":true,"href":"https:\/\/follgas-shop.de\/index.php\/wp-json\/wp\/v2\/media\/718"}],"wp:attachment":[{"href":"https:\/\/follgas-shop.de\/index.php\/wp-json\/wp\/v2\/media?parent=36"}],"wp:term":[{"taxonomy":"product_cat","embeddable":true,"href":"https:\/\/follgas-shop.de\/index.php\/wp-json\/wp\/v2\/product_cat?post=36"},{"taxonomy":"product_tag","embeddable":true,"href":"https:\/\/follgas-shop.de\/index.php\/wp-json\/wp\/v2\/product_tag?post=36"}],"curies":[{"name":"wp","href":"https:\/\/api.w.org\/{rel}","templated":true}]}}