
{"id":389,"date":"2023-02-09T23:31:20","date_gmt":"2023-02-09T22:31:20","guid":{"rendered":"https:\/\/follgas-shop.de\/?post_type=product&#038;p=389"},"modified":"2025-11-27T15:49:39","modified_gmt":"2025-11-27T14:49:39","slug":"follgas-universalhalter-fuer-dosen-und-becher","status":"publish","type":"product","link":"https:\/\/follgas-shop.de\/index.php\/produkt\/follgas-universalhalter-fuer-dosen-und-becher\/","title":{"rendered":"FOLLGAS Universalhalter f\u00fcr Dosen und Becher"},"content":{"rendered":"<p>Der FOLLGAS Universalhalter f\u00fcr Dosen und Becher ist die perfekte L\u00f6sung f\u00fcr unterwegs, im B\u00fcro oder in der Werkstatt. Ob Energy Drink, Kaffee oder Softdrink \u2013 0,250ml Slimline Cans passen in den Halter und bieten sicheren Halt. Dank seiner robusten Konstruktion und vielseitigen Einsatzm\u00f6glichkeiten l\u00e4sst er sich an zahlreichen Oberfl\u00e4chen flexibel befestigen und sorgt jederzeit f\u00fcr Ordnung und Komfort. Ideal f\u00fcr Motorrad, Fahrrad, Auto, LKW, Gaming-Setup, Schreibtisch oder Outdoor. Praktisch, langlebig und im typischen FOLLGAS-Style \u2013 dein Must-have.<\/p>\n<p>&nbsp;<\/p>\n","protected":false},"excerpt":{"rendered":"<p>Der FOLLGAS Universalhalter f\u00fcr Dosen und Becher ist die perfekte L\u00f6sung f\u00fcr unterwegs, im B\u00fcro oder in der Werkstatt. Ob Energy Drink, Kaffee oder Softdrink \u2013 0,250ml Slimline Cans passen in den Halter und bieten sicheren Halt. Dank seiner robusten Konstruktion und vielseitigen Einsatzm\u00f6glichkeiten l\u00e4sst er sich an zahlreichen Oberfl\u00e4chen flexibel befestigen und sorgt jederzeit [&hellip;]<\/p>\n","protected":false},"featured_media":460,"comment_status":"open","ping_status":"closed","template":"","meta":[],"product_cat":[17],"product_tag":[],"yoast_head":"<!-- This site is optimized with the Yoast SEO plugin v22.3 - https:\/\/yoast.com\/wordpress\/plugins\/seo\/ -->\n<title>FOLLGAS Universalhalter f\u00fcr Dosen und Becher - FOLLGAS Online-Shop<\/title>\n<meta name=\"description\" content=\"Praktischer FOLLGAS Universalhalter f\u00fcr Dosen und Becher. Perfekt im Auto, LKW, B\u00fcro oder Werkstatt. Robust, vielseitig und sicherer Halt \u00fcberall.\" \/>\n<meta name=\"robots\" content=\"index, follow, max-snippet:-1, max-image-preview:large, max-video-preview:-1\" \/>\n<link rel=\"canonical\" href=\"https:\/\/follgas-shop.de\/index.php\/produkt\/follgas-universalhalter-fuer-dosen-und-becher\/\" \/>\n<meta property=\"og:locale\" content=\"de_DE\" \/>\n<meta property=\"og:type\" content=\"article\" \/>\n<meta property=\"og:title\" content=\"FOLLGAS Universalhalter f\u00fcr Dosen und Becher - FOLLGAS Online-Shop\" \/>\n<meta property=\"og:description\" content=\"Praktischer FOLLGAS Universalhalter f\u00fcr Dosen und Becher. Perfekt im Auto, LKW, B\u00fcro oder Werkstatt. Robust, vielseitig und sicherer Halt \u00fcberall.\" \/>\n<meta property=\"og:url\" content=\"https:\/\/follgas-shop.de\/index.php\/produkt\/follgas-universalhalter-fuer-dosen-und-becher\/\" \/>\n<meta property=\"og:site_name\" content=\"FOLLGAS Online-Shop\" \/>\n<meta property=\"article:modified_time\" content=\"2025-11-27T14:49:39+00:00\" \/>\n<meta property=\"og:image\" content=\"https:\/\/follgas-shop.de\/wp-content\/uploads\/2023\/02\/photo1687342302.jpeg\" \/>\n\t<meta property=\"og:image:width\" content=\"623\" \/>\n\t<meta property=\"og:image:height\" content=\"776\" \/>\n\t<meta property=\"og:image:type\" content=\"image\/jpeg\" \/>\n<meta name=\"twitter:card\" content=\"summary_large_image\" \/>\n<meta name=\"twitter:label1\" content=\"Gesch\u00e4tzte Lesezeit\" \/>\n\t<meta name=\"twitter:data1\" content=\"1\u00a0Minute\" \/>\n<script type=\"application\/ld+json\" class=\"yoast-schema-graph\">{\"@context\":\"https:\/\/schema.org\",\"@graph\":[{\"@type\":\"WebPage\",\"@id\":\"https:\/\/follgas-shop.de\/index.php\/produkt\/follgas-universalhalter-fuer-dosen-und-becher\/\",\"url\":\"https:\/\/follgas-shop.de\/index.php\/produkt\/follgas-universalhalter-fuer-dosen-und-becher\/\",\"name\":\"FOLLGAS Universalhalter f\u00fcr Dosen und Becher - FOLLGAS Online-Shop\",\"isPartOf\":{\"@id\":\"https:\/\/follgas-shop.de\/#website\"},\"primaryImageOfPage\":{\"@id\":\"https:\/\/follgas-shop.de\/index.php\/produkt\/follgas-universalhalter-fuer-dosen-und-becher\/#primaryimage\"},\"image\":{\"@id\":\"https:\/\/follgas-shop.de\/index.php\/produkt\/follgas-universalhalter-fuer-dosen-und-becher\/#primaryimage\"},\"thumbnailUrl\":\"https:\/\/follgas-shop.de\/wp-content\/uploads\/2023\/02\/photo1687342302.jpeg\",\"datePublished\":\"2023-02-09T22:31:20+00:00\",\"dateModified\":\"2025-11-27T14:49:39+00:00\",\"description\":\"Praktischer FOLLGAS Universalhalter f\u00fcr Dosen und Becher. Perfekt im Auto, LKW, B\u00fcro oder Werkstatt. Robust, vielseitig und sicherer Halt \u00fcberall.\",\"breadcrumb\":{\"@id\":\"https:\/\/follgas-shop.de\/index.php\/produkt\/follgas-universalhalter-fuer-dosen-und-becher\/#breadcrumb\"},\"inLanguage\":\"de\",\"potentialAction\":[{\"@type\":\"ReadAction\",\"target\":[\"https:\/\/follgas-shop.de\/index.php\/produkt\/follgas-universalhalter-fuer-dosen-und-becher\/\"]}]},{\"@type\":\"ImageObject\",\"inLanguage\":\"de\",\"@id\":\"https:\/\/follgas-shop.de\/index.php\/produkt\/follgas-universalhalter-fuer-dosen-und-becher\/#primaryimage\",\"url\":\"https:\/\/follgas-shop.de\/wp-content\/uploads\/2023\/02\/photo1687342302.jpeg\",\"contentUrl\":\"https:\/\/follgas-shop.de\/wp-content\/uploads\/2023\/02\/photo1687342302.jpeg\",\"width\":623,\"height\":776,\"caption\":\"Follgas Universalhalter\"},{\"@type\":\"BreadcrumbList\",\"@id\":\"https:\/\/follgas-shop.de\/index.php\/produkt\/follgas-universalhalter-fuer-dosen-und-becher\/#breadcrumb\",\"itemListElement\":[{\"@type\":\"ListItem\",\"position\":1,\"name\":\"Startseite\",\"item\":\"https:\/\/follgas-shop.de\/\"},{\"@type\":\"ListItem\",\"position\":2,\"name\":\"Shop\",\"item\":\"https:\/\/follgas-shop.de\/\"},{\"@type\":\"ListItem\",\"position\":3,\"name\":\"FOLLGAS Universalhalter f\u00fcr Dosen und Becher\"}]},{\"@type\":\"WebSite\",\"@id\":\"https:\/\/follgas-shop.de\/#website\",\"url\":\"https:\/\/follgas-shop.de\/\",\"name\":\"FOLLGAS Online-Shop\",\"description\":\"\",\"publisher\":{\"@id\":\"https:\/\/follgas-shop.de\/#organization\"},\"potentialAction\":[{\"@type\":\"SearchAction\",\"target\":{\"@type\":\"EntryPoint\",\"urlTemplate\":\"https:\/\/follgas-shop.de\/?s={search_term_string}\"},\"query-input\":\"required name=search_term_string\"}],\"inLanguage\":\"de\"},{\"@type\":\"Organization\",\"@id\":\"https:\/\/follgas-shop.de\/#organization\",\"name\":\"FOLLGAS Online-Shop\",\"url\":\"https:\/\/follgas-shop.de\/\",\"logo\":{\"@type\":\"ImageObject\",\"inLanguage\":\"de\",\"@id\":\"https:\/\/follgas-shop.de\/#\/schema\/logo\/image\/\",\"url\":\"https:\/\/follgas-shop.de\/wp-content\/uploads\/2021\/01\/cropped-cropped-vv-1.png\",\"contentUrl\":\"https:\/\/follgas-shop.de\/wp-content\/uploads\/2021\/01\/cropped-cropped-vv-1.png\",\"width\":279,\"height\":119,\"caption\":\"FOLLGAS Online-Shop\"},\"image\":{\"@id\":\"https:\/\/follgas-shop.de\/#\/schema\/logo\/image\/\"}}]}<\/script>\n<!-- \/ Yoast SEO plugin. -->","yoast_head_json":{"title":"FOLLGAS Universalhalter f\u00fcr Dosen und Becher - FOLLGAS Online-Shop","description":"Praktischer FOLLGAS Universalhalter f\u00fcr Dosen und Becher. Perfekt im Auto, LKW, B\u00fcro oder Werkstatt. Robust, vielseitig und sicherer Halt \u00fcberall.","robots":{"index":"index","follow":"follow","max-snippet":"max-snippet:-1","max-image-preview":"max-image-preview:large","max-video-preview":"max-video-preview:-1"},"canonical":"https:\/\/follgas-shop.de\/index.php\/produkt\/follgas-universalhalter-fuer-dosen-und-becher\/","og_locale":"de_DE","og_type":"article","og_title":"FOLLGAS Universalhalter f\u00fcr Dosen und Becher - FOLLGAS Online-Shop","og_description":"Praktischer FOLLGAS Universalhalter f\u00fcr Dosen und Becher. Perfekt im Auto, LKW, B\u00fcro oder Werkstatt. Robust, vielseitig und sicherer Halt \u00fcberall.","og_url":"https:\/\/follgas-shop.de\/index.php\/produkt\/follgas-universalhalter-fuer-dosen-und-becher\/","og_site_name":"FOLLGAS Online-Shop","article_modified_time":"2025-11-27T14:49:39+00:00","og_image":[{"width":623,"height":776,"url":"https:\/\/follgas-shop.de\/wp-content\/uploads\/2023\/02\/photo1687342302.jpeg","type":"image\/jpeg"}],"twitter_card":"summary_large_image","twitter_misc":{"Gesch\u00e4tzte Lesezeit":"1\u00a0Minute"},"schema":{"@context":"https:\/\/schema.org","@graph":[{"@type":"WebPage","@id":"https:\/\/follgas-shop.de\/index.php\/produkt\/follgas-universalhalter-fuer-dosen-und-becher\/","url":"https:\/\/follgas-shop.de\/index.php\/produkt\/follgas-universalhalter-fuer-dosen-und-becher\/","name":"FOLLGAS Universalhalter f\u00fcr Dosen und Becher - FOLLGAS Online-Shop","isPartOf":{"@id":"https:\/\/follgas-shop.de\/#website"},"primaryImageOfPage":{"@id":"https:\/\/follgas-shop.de\/index.php\/produkt\/follgas-universalhalter-fuer-dosen-und-becher\/#primaryimage"},"image":{"@id":"https:\/\/follgas-shop.de\/index.php\/produkt\/follgas-universalhalter-fuer-dosen-und-becher\/#primaryimage"},"thumbnailUrl":"https:\/\/follgas-shop.de\/wp-content\/uploads\/2023\/02\/photo1687342302.jpeg","datePublished":"2023-02-09T22:31:20+00:00","dateModified":"2025-11-27T14:49:39+00:00","description":"Praktischer FOLLGAS Universalhalter f\u00fcr Dosen und Becher. Perfekt im Auto, LKW, B\u00fcro oder Werkstatt. Robust, vielseitig und sicherer Halt \u00fcberall.","breadcrumb":{"@id":"https:\/\/follgas-shop.de\/index.php\/produkt\/follgas-universalhalter-fuer-dosen-und-becher\/#breadcrumb"},"inLanguage":"de","potentialAction":[{"@type":"ReadAction","target":["https:\/\/follgas-shop.de\/index.php\/produkt\/follgas-universalhalter-fuer-dosen-und-becher\/"]}]},{"@type":"ImageObject","inLanguage":"de","@id":"https:\/\/follgas-shop.de\/index.php\/produkt\/follgas-universalhalter-fuer-dosen-und-becher\/#primaryimage","url":"https:\/\/follgas-shop.de\/wp-content\/uploads\/2023\/02\/photo1687342302.jpeg","contentUrl":"https:\/\/follgas-shop.de\/wp-content\/uploads\/2023\/02\/photo1687342302.jpeg","width":623,"height":776,"caption":"Follgas Universalhalter"},{"@type":"BreadcrumbList","@id":"https:\/\/follgas-shop.de\/index.php\/produkt\/follgas-universalhalter-fuer-dosen-und-becher\/#breadcrumb","itemListElement":[{"@type":"ListItem","position":1,"name":"Startseite","item":"https:\/\/follgas-shop.de\/"},{"@type":"ListItem","position":2,"name":"Shop","item":"https:\/\/follgas-shop.de\/"},{"@type":"ListItem","position":3,"name":"FOLLGAS Universalhalter f\u00fcr Dosen und Becher"}]},{"@type":"WebSite","@id":"https:\/\/follgas-shop.de\/#website","url":"https:\/\/follgas-shop.de\/","name":"FOLLGAS Online-Shop","description":"","publisher":{"@id":"https:\/\/follgas-shop.de\/#organization"},"potentialAction":[{"@type":"SearchAction","target":{"@type":"EntryPoint","urlTemplate":"https:\/\/follgas-shop.de\/?s={search_term_string}"},"query-input":"required name=search_term_string"}],"inLanguage":"de"},{"@type":"Organization","@id":"https:\/\/follgas-shop.de\/#organization","name":"FOLLGAS Online-Shop","url":"https:\/\/follgas-shop.de\/","logo":{"@type":"ImageObject","inLanguage":"de","@id":"https:\/\/follgas-shop.de\/#\/schema\/logo\/image\/","url":"https:\/\/follgas-shop.de\/wp-content\/uploads\/2021\/01\/cropped-cropped-vv-1.png","contentUrl":"https:\/\/follgas-shop.de\/wp-content\/uploads\/2021\/01\/cropped-cropped-vv-1.png","width":279,"height":119,"caption":"FOLLGAS Online-Shop"},"image":{"@id":"https:\/\/follgas-shop.de\/#\/schema\/logo\/image\/"}}]}},"_links":{"self":[{"href":"https:\/\/follgas-shop.de\/index.php\/wp-json\/wp\/v2\/product\/389"}],"collection":[{"href":"https:\/\/follgas-shop.de\/index.php\/wp-json\/wp\/v2\/product"}],"about":[{"href":"https:\/\/follgas-shop.de\/index.php\/wp-json\/wp\/v2\/types\/product"}],"replies":[{"embeddable":true,"href":"https:\/\/follgas-shop.de\/index.php\/wp-json\/wp\/v2\/comments?post=389"}],"wp:featuredmedia":[{"embeddable":true,"href":"https:\/\/follgas-shop.de\/index.php\/wp-json\/wp\/v2\/media\/460"}],"wp:attachment":[{"href":"https:\/\/follgas-shop.de\/index.php\/wp-json\/wp\/v2\/media?parent=389"}],"wp:term":[{"taxonomy":"product_cat","embeddable":true,"href":"https:\/\/follgas-shop.de\/index.php\/wp-json\/wp\/v2\/product_cat?post=389"},{"taxonomy":"product_tag","embeddable":true,"href":"https:\/\/follgas-shop.de\/index.php\/wp-json\/wp\/v2\/product_tag?post=389"}],"curies":[{"name":"wp","href":"https:\/\/api.w.org\/{rel}","templated":true}]}}