
{"id":419,"date":"2023-04-11T14:08:41","date_gmt":"2023-04-11T12:08:41","guid":{"rendered":"https:\/\/follgas-shop.de\/?post_type=product&#038;p=419"},"modified":"2026-01-03T22:25:33","modified_gmt":"2026-01-03T21:25:33","slug":"follgas-unisex-t-shirt","status":"publish","type":"product","link":"https:\/\/follgas-shop.de\/index.php\/produkt\/follgas-unisex-t-shirt\/","title":{"rendered":"FOLLGAS Unisex T-Shirt \u2013 Hochwertiges Shirt aus Baumwolle"},"content":{"rendered":"<h2 data-start=\"119\" data-end=\"179\"><strong data-start=\"122\" data-end=\"179\">FOLLGAS Unisex T-Shirt \u2013 gefertigt aus Payper Rohling<\/strong><\/h2>\n<p data-start=\"181\" data-end=\"687\">Das FOLLGAS Unisex T-Shirt basiert auf einem hochwertigen Payper-Rohling und bietet eine angenehme, weiche Baumwollqualit\u00e4t mit modernem Schnitt. Es tr\u00e4gt sich komfortabel, bleibt formstabil und farbecht und eignet sich ideal f\u00fcr Alltag, Arbeit oder Sport. Mit seinem zeitlosen Rundhalsausschnitt und der zuverl\u00e4ssigen Verarbeitung ist es vielseitig kombinierbar und perfekt f\u00fcr Branding, Teamwear oder Merch. Ein hochwertiges Essential aus dem FOLLGAS Sortiment \u2013 robust, bequem und f\u00fcr jeden Tag gemacht.<\/p>\n","protected":false},"excerpt":{"rendered":"<p>FOLLGAS Unisex T-Shirt \u2013 gefertigt aus Payper Rohling Das FOLLGAS Unisex T-Shirt basiert auf einem hochwertigen Payper-Rohling und bietet eine angenehme, weiche Baumwollqualit\u00e4t mit modernem Schnitt. Es tr\u00e4gt sich komfortabel, bleibt formstabil und farbecht und eignet sich ideal f\u00fcr Alltag, Arbeit oder Sport. Mit seinem zeitlosen Rundhalsausschnitt und der zuverl\u00e4ssigen Verarbeitung ist es vielseitig kombinierbar [&hellip;]<\/p>\n","protected":false},"featured_media":430,"comment_status":"open","ping_status":"closed","template":"","meta":[],"product_cat":[19,17],"product_tag":[],"yoast_head":"<!-- This site is optimized with the Yoast SEO plugin v22.3 - https:\/\/yoast.com\/wordpress\/plugins\/seo\/ -->\n<title>FOLLGAS Unisex T-Shirt \u2013 Hochwertiges Shirt aus Baumwolle - FOLLGAS Online-Shop<\/title>\n<meta name=\"description\" content=\"Hochwertiges Follgas Unisex T-Shirt aus weicher Baumwolle. Bequem, langlebig und ideal f\u00fcr Arbeit, Freizeit &amp; Branding. Jetzt im FOLLGAS Shop entdecken!\" \/>\n<meta name=\"robots\" content=\"index, follow, max-snippet:-1, max-image-preview:large, max-video-preview:-1\" \/>\n<link rel=\"canonical\" href=\"https:\/\/follgas-shop.de\/index.php\/produkt\/follgas-unisex-t-shirt\/\" \/>\n<meta property=\"og:locale\" content=\"de_DE\" \/>\n<meta property=\"og:type\" content=\"article\" \/>\n<meta property=\"og:title\" content=\"FOLLGAS Unisex T-Shirt \u2013 Hochwertiges Shirt aus Baumwolle - FOLLGAS Online-Shop\" \/>\n<meta property=\"og:description\" content=\"Hochwertiges Follgas Unisex T-Shirt aus weicher Baumwolle. Bequem, langlebig und ideal f\u00fcr Arbeit, Freizeit &amp; Branding. Jetzt im FOLLGAS Shop entdecken!\" \/>\n<meta property=\"og:url\" content=\"https:\/\/follgas-shop.de\/index.php\/produkt\/follgas-unisex-t-shirt\/\" \/>\n<meta property=\"og:site_name\" content=\"FOLLGAS Online-Shop\" \/>\n<meta property=\"article:modified_time\" content=\"2026-01-03T21:25:33+00:00\" \/>\n<meta property=\"og:image\" content=\"https:\/\/follgas-shop.de\/wp-content\/uploads\/2023\/04\/Unbenannt.jpg\" \/>\n\t<meta property=\"og:image:width\" content=\"1080\" \/>\n\t<meta property=\"og:image:height\" content=\"1080\" \/>\n\t<meta property=\"og:image:type\" content=\"image\/jpeg\" \/>\n<meta name=\"twitter:card\" content=\"summary_large_image\" \/>\n<meta name=\"twitter:label1\" content=\"Gesch\u00e4tzte Lesezeit\" \/>\n\t<meta name=\"twitter:data1\" content=\"1\u00a0Minute\" \/>\n<script type=\"application\/ld+json\" class=\"yoast-schema-graph\">{\"@context\":\"https:\/\/schema.org\",\"@graph\":[{\"@type\":\"WebPage\",\"@id\":\"https:\/\/follgas-shop.de\/index.php\/produkt\/follgas-unisex-t-shirt\/\",\"url\":\"https:\/\/follgas-shop.de\/index.php\/produkt\/follgas-unisex-t-shirt\/\",\"name\":\"FOLLGAS Unisex T-Shirt \u2013 Hochwertiges Shirt aus Baumwolle - FOLLGAS Online-Shop\",\"isPartOf\":{\"@id\":\"https:\/\/follgas-shop.de\/#website\"},\"primaryImageOfPage\":{\"@id\":\"https:\/\/follgas-shop.de\/index.php\/produkt\/follgas-unisex-t-shirt\/#primaryimage\"},\"image\":{\"@id\":\"https:\/\/follgas-shop.de\/index.php\/produkt\/follgas-unisex-t-shirt\/#primaryimage\"},\"thumbnailUrl\":\"https:\/\/follgas-shop.de\/wp-content\/uploads\/2023\/04\/Unbenannt.jpg\",\"datePublished\":\"2023-04-11T12:08:41+00:00\",\"dateModified\":\"2026-01-03T21:25:33+00:00\",\"description\":\"Hochwertiges Follgas Unisex T-Shirt aus weicher Baumwolle. Bequem, langlebig und ideal f\u00fcr Arbeit, Freizeit & Branding. Jetzt im FOLLGAS Shop entdecken!\",\"breadcrumb\":{\"@id\":\"https:\/\/follgas-shop.de\/index.php\/produkt\/follgas-unisex-t-shirt\/#breadcrumb\"},\"inLanguage\":\"de\",\"potentialAction\":[{\"@type\":\"ReadAction\",\"target\":[\"https:\/\/follgas-shop.de\/index.php\/produkt\/follgas-unisex-t-shirt\/\"]}]},{\"@type\":\"ImageObject\",\"inLanguage\":\"de\",\"@id\":\"https:\/\/follgas-shop.de\/index.php\/produkt\/follgas-unisex-t-shirt\/#primaryimage\",\"url\":\"https:\/\/follgas-shop.de\/wp-content\/uploads\/2023\/04\/Unbenannt.jpg\",\"contentUrl\":\"https:\/\/follgas-shop.de\/wp-content\/uploads\/2023\/04\/Unbenannt.jpg\",\"width\":1080,\"height\":1080,\"caption\":\"Follgas T-shirt\"},{\"@type\":\"BreadcrumbList\",\"@id\":\"https:\/\/follgas-shop.de\/index.php\/produkt\/follgas-unisex-t-shirt\/#breadcrumb\",\"itemListElement\":[{\"@type\":\"ListItem\",\"position\":1,\"name\":\"Startseite\",\"item\":\"https:\/\/follgas-shop.de\/\"},{\"@type\":\"ListItem\",\"position\":2,\"name\":\"Shop\",\"item\":\"https:\/\/follgas-shop.de\/\"},{\"@type\":\"ListItem\",\"position\":3,\"name\":\"FOLLGAS Unisex T-Shirt \u2013 Hochwertiges Shirt aus Baumwolle\"}]},{\"@type\":\"WebSite\",\"@id\":\"https:\/\/follgas-shop.de\/#website\",\"url\":\"https:\/\/follgas-shop.de\/\",\"name\":\"FOLLGAS Online-Shop\",\"description\":\"\",\"publisher\":{\"@id\":\"https:\/\/follgas-shop.de\/#organization\"},\"potentialAction\":[{\"@type\":\"SearchAction\",\"target\":{\"@type\":\"EntryPoint\",\"urlTemplate\":\"https:\/\/follgas-shop.de\/?s={search_term_string}\"},\"query-input\":\"required name=search_term_string\"}],\"inLanguage\":\"de\"},{\"@type\":\"Organization\",\"@id\":\"https:\/\/follgas-shop.de\/#organization\",\"name\":\"FOLLGAS Online-Shop\",\"url\":\"https:\/\/follgas-shop.de\/\",\"logo\":{\"@type\":\"ImageObject\",\"inLanguage\":\"de\",\"@id\":\"https:\/\/follgas-shop.de\/#\/schema\/logo\/image\/\",\"url\":\"https:\/\/follgas-shop.de\/wp-content\/uploads\/2021\/01\/cropped-cropped-vv-1.png\",\"contentUrl\":\"https:\/\/follgas-shop.de\/wp-content\/uploads\/2021\/01\/cropped-cropped-vv-1.png\",\"width\":279,\"height\":119,\"caption\":\"FOLLGAS Online-Shop\"},\"image\":{\"@id\":\"https:\/\/follgas-shop.de\/#\/schema\/logo\/image\/\"}}]}<\/script>\n<!-- \/ Yoast SEO plugin. -->","yoast_head_json":{"title":"FOLLGAS Unisex T-Shirt \u2013 Hochwertiges Shirt aus Baumwolle - FOLLGAS Online-Shop","description":"Hochwertiges Follgas Unisex T-Shirt aus weicher Baumwolle. Bequem, langlebig und ideal f\u00fcr Arbeit, Freizeit & Branding. Jetzt im FOLLGAS Shop entdecken!","robots":{"index":"index","follow":"follow","max-snippet":"max-snippet:-1","max-image-preview":"max-image-preview:large","max-video-preview":"max-video-preview:-1"},"canonical":"https:\/\/follgas-shop.de\/index.php\/produkt\/follgas-unisex-t-shirt\/","og_locale":"de_DE","og_type":"article","og_title":"FOLLGAS Unisex T-Shirt \u2013 Hochwertiges Shirt aus Baumwolle - FOLLGAS Online-Shop","og_description":"Hochwertiges Follgas Unisex T-Shirt aus weicher Baumwolle. Bequem, langlebig und ideal f\u00fcr Arbeit, Freizeit & Branding. Jetzt im FOLLGAS Shop entdecken!","og_url":"https:\/\/follgas-shop.de\/index.php\/produkt\/follgas-unisex-t-shirt\/","og_site_name":"FOLLGAS Online-Shop","article_modified_time":"2026-01-03T21:25:33+00:00","og_image":[{"width":1080,"height":1080,"url":"https:\/\/follgas-shop.de\/wp-content\/uploads\/2023\/04\/Unbenannt.jpg","type":"image\/jpeg"}],"twitter_card":"summary_large_image","twitter_misc":{"Gesch\u00e4tzte Lesezeit":"1\u00a0Minute"},"schema":{"@context":"https:\/\/schema.org","@graph":[{"@type":"WebPage","@id":"https:\/\/follgas-shop.de\/index.php\/produkt\/follgas-unisex-t-shirt\/","url":"https:\/\/follgas-shop.de\/index.php\/produkt\/follgas-unisex-t-shirt\/","name":"FOLLGAS Unisex T-Shirt \u2013 Hochwertiges Shirt aus Baumwolle - FOLLGAS Online-Shop","isPartOf":{"@id":"https:\/\/follgas-shop.de\/#website"},"primaryImageOfPage":{"@id":"https:\/\/follgas-shop.de\/index.php\/produkt\/follgas-unisex-t-shirt\/#primaryimage"},"image":{"@id":"https:\/\/follgas-shop.de\/index.php\/produkt\/follgas-unisex-t-shirt\/#primaryimage"},"thumbnailUrl":"https:\/\/follgas-shop.de\/wp-content\/uploads\/2023\/04\/Unbenannt.jpg","datePublished":"2023-04-11T12:08:41+00:00","dateModified":"2026-01-03T21:25:33+00:00","description":"Hochwertiges Follgas Unisex T-Shirt aus weicher Baumwolle. Bequem, langlebig und ideal f\u00fcr Arbeit, Freizeit & Branding. Jetzt im FOLLGAS Shop entdecken!","breadcrumb":{"@id":"https:\/\/follgas-shop.de\/index.php\/produkt\/follgas-unisex-t-shirt\/#breadcrumb"},"inLanguage":"de","potentialAction":[{"@type":"ReadAction","target":["https:\/\/follgas-shop.de\/index.php\/produkt\/follgas-unisex-t-shirt\/"]}]},{"@type":"ImageObject","inLanguage":"de","@id":"https:\/\/follgas-shop.de\/index.php\/produkt\/follgas-unisex-t-shirt\/#primaryimage","url":"https:\/\/follgas-shop.de\/wp-content\/uploads\/2023\/04\/Unbenannt.jpg","contentUrl":"https:\/\/follgas-shop.de\/wp-content\/uploads\/2023\/04\/Unbenannt.jpg","width":1080,"height":1080,"caption":"Follgas T-shirt"},{"@type":"BreadcrumbList","@id":"https:\/\/follgas-shop.de\/index.php\/produkt\/follgas-unisex-t-shirt\/#breadcrumb","itemListElement":[{"@type":"ListItem","position":1,"name":"Startseite","item":"https:\/\/follgas-shop.de\/"},{"@type":"ListItem","position":2,"name":"Shop","item":"https:\/\/follgas-shop.de\/"},{"@type":"ListItem","position":3,"name":"FOLLGAS Unisex T-Shirt \u2013 Hochwertiges Shirt aus Baumwolle"}]},{"@type":"WebSite","@id":"https:\/\/follgas-shop.de\/#website","url":"https:\/\/follgas-shop.de\/","name":"FOLLGAS Online-Shop","description":"","publisher":{"@id":"https:\/\/follgas-shop.de\/#organization"},"potentialAction":[{"@type":"SearchAction","target":{"@type":"EntryPoint","urlTemplate":"https:\/\/follgas-shop.de\/?s={search_term_string}"},"query-input":"required name=search_term_string"}],"inLanguage":"de"},{"@type":"Organization","@id":"https:\/\/follgas-shop.de\/#organization","name":"FOLLGAS Online-Shop","url":"https:\/\/follgas-shop.de\/","logo":{"@type":"ImageObject","inLanguage":"de","@id":"https:\/\/follgas-shop.de\/#\/schema\/logo\/image\/","url":"https:\/\/follgas-shop.de\/wp-content\/uploads\/2021\/01\/cropped-cropped-vv-1.png","contentUrl":"https:\/\/follgas-shop.de\/wp-content\/uploads\/2021\/01\/cropped-cropped-vv-1.png","width":279,"height":119,"caption":"FOLLGAS Online-Shop"},"image":{"@id":"https:\/\/follgas-shop.de\/#\/schema\/logo\/image\/"}}]}},"_links":{"self":[{"href":"https:\/\/follgas-shop.de\/index.php\/wp-json\/wp\/v2\/product\/419"}],"collection":[{"href":"https:\/\/follgas-shop.de\/index.php\/wp-json\/wp\/v2\/product"}],"about":[{"href":"https:\/\/follgas-shop.de\/index.php\/wp-json\/wp\/v2\/types\/product"}],"replies":[{"embeddable":true,"href":"https:\/\/follgas-shop.de\/index.php\/wp-json\/wp\/v2\/comments?post=419"}],"wp:featuredmedia":[{"embeddable":true,"href":"https:\/\/follgas-shop.de\/index.php\/wp-json\/wp\/v2\/media\/430"}],"wp:attachment":[{"href":"https:\/\/follgas-shop.de\/index.php\/wp-json\/wp\/v2\/media?parent=419"}],"wp:term":[{"taxonomy":"product_cat","embeddable":true,"href":"https:\/\/follgas-shop.de\/index.php\/wp-json\/wp\/v2\/product_cat?post=419"},{"taxonomy":"product_tag","embeddable":true,"href":"https:\/\/follgas-shop.de\/index.php\/wp-json\/wp\/v2\/product_tag?post=419"}],"curies":[{"name":"wp","href":"https:\/\/api.w.org\/{rel}","templated":true}]}}