
{"id":431,"date":"2023-04-11T14:11:03","date_gmt":"2023-04-11T12:11:03","guid":{"rendered":"https:\/\/follgas-shop.de\/?post_type=product&#038;p=431"},"modified":"2026-01-05T20:04:40","modified_gmt":"2026-01-05T19:04:40","slug":"follgas-hoodie","status":"publish","type":"product","link":"https:\/\/follgas-shop.de\/index.php\/produkt\/follgas-hoodie\/","title":{"rendered":"FOLLGAS Hoodie \u2013 Weicher Classic Pullover"},"content":{"rendered":"<h2 data-start=\"144\" data-end=\"202\"><strong data-start=\"147\" data-end=\"202\">FOLLGAS Hoodie\u00a0<\/strong><\/h2>\n<p data-start=\"204\" data-end=\"745\">Der FOLLGAS Hoodie bietet dank hochwertiger Payper-Basis eine moderne Passform und eine angenehm weiche Materialmischung aus 80 % Baumwolle und 20 % Polyester. Er sitzt komfortabel, h\u00e4lt warm und \u00fcberzeugt durch verl\u00e4ngerte \u00c4rmel, einen leicht verl\u00e4ngerten Saum und eine praktische Rei\u00dfverschlusstasche im K\u00e4ngurubeutel. Der Hoody bleibt formstabil und f\u00fchlt sich auch nach vielen W\u00e4schen weich und hochwertig an. Ideal f\u00fcr Alltag, Sport, Freizeit und als stylisches FOLLGAS-Statement-Piece \u2013 ein zuverl\u00e4ssiger Begleiter f\u00fcr jeden Tag.<\/p>\n<p>&nbsp;<\/p>\n","protected":false},"excerpt":{"rendered":"<p>FOLLGAS Hoodie\u00a0 Der FOLLGAS Hoodie bietet dank hochwertiger Payper-Basis eine moderne Passform und eine angenehm weiche Materialmischung aus 80 % Baumwolle und 20 % Polyester. Er sitzt komfortabel, h\u00e4lt warm und \u00fcberzeugt durch verl\u00e4ngerte \u00c4rmel, einen leicht verl\u00e4ngerten Saum und eine praktische Rei\u00dfverschlusstasche im K\u00e4ngurubeutel. Der Hoody bleibt formstabil und f\u00fchlt sich auch nach vielen [&hellip;]<\/p>\n","protected":false},"featured_media":442,"comment_status":"open","ping_status":"closed","template":"","meta":[],"product_cat":[19,17],"product_tag":[],"yoast_head":"<!-- This site is optimized with the Yoast SEO plugin v22.3 - https:\/\/yoast.com\/wordpress\/plugins\/seo\/ -->\n<title>FOLLGAS Hoodie \u2013 Weicher Classic Pullover - FOLLGAS Online-Shop<\/title>\n<meta name=\"description\" content=\"Kuscheliger FOLLGAS Hoodie aus 80% Baumwolle &amp; 20% Polyester. Mit Rei\u00dfverschlusstasche, l\u00e4ngerem Schnitt &amp; perfektem Komfort. Jetzt entdecken!\" \/>\n<meta name=\"robots\" content=\"index, follow, max-snippet:-1, max-image-preview:large, max-video-preview:-1\" \/>\n<link rel=\"canonical\" href=\"https:\/\/follgas-shop.de\/index.php\/produkt\/follgas-hoodie\/\" \/>\n<meta property=\"og:locale\" content=\"de_DE\" \/>\n<meta property=\"og:type\" content=\"article\" \/>\n<meta property=\"og:title\" content=\"FOLLGAS Hoodie \u2013 Weicher Classic Pullover - FOLLGAS Online-Shop\" \/>\n<meta property=\"og:description\" content=\"Kuscheliger FOLLGAS Hoodie aus 80% Baumwolle &amp; 20% Polyester. Mit Rei\u00dfverschlusstasche, l\u00e4ngerem Schnitt &amp; perfektem Komfort. Jetzt entdecken!\" \/>\n<meta property=\"og:url\" content=\"https:\/\/follgas-shop.de\/index.php\/produkt\/follgas-hoodie\/\" \/>\n<meta property=\"og:site_name\" content=\"FOLLGAS Online-Shop\" \/>\n<meta property=\"article:modified_time\" content=\"2026-01-05T19:04:40+00:00\" \/>\n<meta property=\"og:image\" content=\"https:\/\/follgas-shop.de\/wp-content\/uploads\/2023\/04\/111.jpg\" \/>\n\t<meta property=\"og:image:width\" content=\"1080\" \/>\n\t<meta property=\"og:image:height\" content=\"1080\" \/>\n\t<meta property=\"og:image:type\" content=\"image\/jpeg\" \/>\n<meta name=\"twitter:card\" content=\"summary_large_image\" \/>\n<meta name=\"twitter:label1\" content=\"Gesch\u00e4tzte Lesezeit\" \/>\n\t<meta name=\"twitter:data1\" content=\"1\u00a0Minute\" \/>\n<script type=\"application\/ld+json\" class=\"yoast-schema-graph\">{\"@context\":\"https:\/\/schema.org\",\"@graph\":[{\"@type\":\"WebPage\",\"@id\":\"https:\/\/follgas-shop.de\/index.php\/produkt\/follgas-hoodie\/\",\"url\":\"https:\/\/follgas-shop.de\/index.php\/produkt\/follgas-hoodie\/\",\"name\":\"FOLLGAS Hoodie \u2013 Weicher Classic Pullover - FOLLGAS Online-Shop\",\"isPartOf\":{\"@id\":\"https:\/\/follgas-shop.de\/#website\"},\"primaryImageOfPage\":{\"@id\":\"https:\/\/follgas-shop.de\/index.php\/produkt\/follgas-hoodie\/#primaryimage\"},\"image\":{\"@id\":\"https:\/\/follgas-shop.de\/index.php\/produkt\/follgas-hoodie\/#primaryimage\"},\"thumbnailUrl\":\"https:\/\/follgas-shop.de\/wp-content\/uploads\/2023\/04\/111.jpg\",\"datePublished\":\"2023-04-11T12:11:03+00:00\",\"dateModified\":\"2026-01-05T19:04:40+00:00\",\"description\":\"Kuscheliger FOLLGAS Hoodie aus 80% Baumwolle & 20% Polyester. Mit Rei\u00dfverschlusstasche, l\u00e4ngerem Schnitt & perfektem Komfort. Jetzt entdecken!\",\"breadcrumb\":{\"@id\":\"https:\/\/follgas-shop.de\/index.php\/produkt\/follgas-hoodie\/#breadcrumb\"},\"inLanguage\":\"de\",\"potentialAction\":[{\"@type\":\"ReadAction\",\"target\":[\"https:\/\/follgas-shop.de\/index.php\/produkt\/follgas-hoodie\/\"]}]},{\"@type\":\"ImageObject\",\"inLanguage\":\"de\",\"@id\":\"https:\/\/follgas-shop.de\/index.php\/produkt\/follgas-hoodie\/#primaryimage\",\"url\":\"https:\/\/follgas-shop.de\/wp-content\/uploads\/2023\/04\/111.jpg\",\"contentUrl\":\"https:\/\/follgas-shop.de\/wp-content\/uploads\/2023\/04\/111.jpg\",\"width\":1080,\"height\":1080,\"caption\":\"Follgas Hoody\"},{\"@type\":\"BreadcrumbList\",\"@id\":\"https:\/\/follgas-shop.de\/index.php\/produkt\/follgas-hoodie\/#breadcrumb\",\"itemListElement\":[{\"@type\":\"ListItem\",\"position\":1,\"name\":\"Startseite\",\"item\":\"https:\/\/follgas-shop.de\/\"},{\"@type\":\"ListItem\",\"position\":2,\"name\":\"Shop\",\"item\":\"https:\/\/follgas-shop.de\/\"},{\"@type\":\"ListItem\",\"position\":3,\"name\":\"FOLLGAS Hoodie \u2013 Weicher Classic Pullover\"}]},{\"@type\":\"WebSite\",\"@id\":\"https:\/\/follgas-shop.de\/#website\",\"url\":\"https:\/\/follgas-shop.de\/\",\"name\":\"FOLLGAS Online-Shop\",\"description\":\"\",\"publisher\":{\"@id\":\"https:\/\/follgas-shop.de\/#organization\"},\"potentialAction\":[{\"@type\":\"SearchAction\",\"target\":{\"@type\":\"EntryPoint\",\"urlTemplate\":\"https:\/\/follgas-shop.de\/?s={search_term_string}\"},\"query-input\":\"required name=search_term_string\"}],\"inLanguage\":\"de\"},{\"@type\":\"Organization\",\"@id\":\"https:\/\/follgas-shop.de\/#organization\",\"name\":\"FOLLGAS Online-Shop\",\"url\":\"https:\/\/follgas-shop.de\/\",\"logo\":{\"@type\":\"ImageObject\",\"inLanguage\":\"de\",\"@id\":\"https:\/\/follgas-shop.de\/#\/schema\/logo\/image\/\",\"url\":\"https:\/\/follgas-shop.de\/wp-content\/uploads\/2021\/01\/cropped-cropped-vv-1.png\",\"contentUrl\":\"https:\/\/follgas-shop.de\/wp-content\/uploads\/2021\/01\/cropped-cropped-vv-1.png\",\"width\":279,\"height\":119,\"caption\":\"FOLLGAS Online-Shop\"},\"image\":{\"@id\":\"https:\/\/follgas-shop.de\/#\/schema\/logo\/image\/\"}}]}<\/script>\n<!-- \/ Yoast SEO plugin. -->","yoast_head_json":{"title":"FOLLGAS Hoodie \u2013 Weicher Classic Pullover - FOLLGAS Online-Shop","description":"Kuscheliger FOLLGAS Hoodie aus 80% Baumwolle & 20% Polyester. Mit Rei\u00dfverschlusstasche, l\u00e4ngerem Schnitt & perfektem Komfort. Jetzt entdecken!","robots":{"index":"index","follow":"follow","max-snippet":"max-snippet:-1","max-image-preview":"max-image-preview:large","max-video-preview":"max-video-preview:-1"},"canonical":"https:\/\/follgas-shop.de\/index.php\/produkt\/follgas-hoodie\/","og_locale":"de_DE","og_type":"article","og_title":"FOLLGAS Hoodie \u2013 Weicher Classic Pullover - FOLLGAS Online-Shop","og_description":"Kuscheliger FOLLGAS Hoodie aus 80% Baumwolle & 20% Polyester. Mit Rei\u00dfverschlusstasche, l\u00e4ngerem Schnitt & perfektem Komfort. Jetzt entdecken!","og_url":"https:\/\/follgas-shop.de\/index.php\/produkt\/follgas-hoodie\/","og_site_name":"FOLLGAS Online-Shop","article_modified_time":"2026-01-05T19:04:40+00:00","og_image":[{"width":1080,"height":1080,"url":"https:\/\/follgas-shop.de\/wp-content\/uploads\/2023\/04\/111.jpg","type":"image\/jpeg"}],"twitter_card":"summary_large_image","twitter_misc":{"Gesch\u00e4tzte Lesezeit":"1\u00a0Minute"},"schema":{"@context":"https:\/\/schema.org","@graph":[{"@type":"WebPage","@id":"https:\/\/follgas-shop.de\/index.php\/produkt\/follgas-hoodie\/","url":"https:\/\/follgas-shop.de\/index.php\/produkt\/follgas-hoodie\/","name":"FOLLGAS Hoodie \u2013 Weicher Classic Pullover - FOLLGAS Online-Shop","isPartOf":{"@id":"https:\/\/follgas-shop.de\/#website"},"primaryImageOfPage":{"@id":"https:\/\/follgas-shop.de\/index.php\/produkt\/follgas-hoodie\/#primaryimage"},"image":{"@id":"https:\/\/follgas-shop.de\/index.php\/produkt\/follgas-hoodie\/#primaryimage"},"thumbnailUrl":"https:\/\/follgas-shop.de\/wp-content\/uploads\/2023\/04\/111.jpg","datePublished":"2023-04-11T12:11:03+00:00","dateModified":"2026-01-05T19:04:40+00:00","description":"Kuscheliger FOLLGAS Hoodie aus 80% Baumwolle & 20% Polyester. Mit Rei\u00dfverschlusstasche, l\u00e4ngerem Schnitt & perfektem Komfort. Jetzt entdecken!","breadcrumb":{"@id":"https:\/\/follgas-shop.de\/index.php\/produkt\/follgas-hoodie\/#breadcrumb"},"inLanguage":"de","potentialAction":[{"@type":"ReadAction","target":["https:\/\/follgas-shop.de\/index.php\/produkt\/follgas-hoodie\/"]}]},{"@type":"ImageObject","inLanguage":"de","@id":"https:\/\/follgas-shop.de\/index.php\/produkt\/follgas-hoodie\/#primaryimage","url":"https:\/\/follgas-shop.de\/wp-content\/uploads\/2023\/04\/111.jpg","contentUrl":"https:\/\/follgas-shop.de\/wp-content\/uploads\/2023\/04\/111.jpg","width":1080,"height":1080,"caption":"Follgas Hoody"},{"@type":"BreadcrumbList","@id":"https:\/\/follgas-shop.de\/index.php\/produkt\/follgas-hoodie\/#breadcrumb","itemListElement":[{"@type":"ListItem","position":1,"name":"Startseite","item":"https:\/\/follgas-shop.de\/"},{"@type":"ListItem","position":2,"name":"Shop","item":"https:\/\/follgas-shop.de\/"},{"@type":"ListItem","position":3,"name":"FOLLGAS Hoodie \u2013 Weicher Classic Pullover"}]},{"@type":"WebSite","@id":"https:\/\/follgas-shop.de\/#website","url":"https:\/\/follgas-shop.de\/","name":"FOLLGAS Online-Shop","description":"","publisher":{"@id":"https:\/\/follgas-shop.de\/#organization"},"potentialAction":[{"@type":"SearchAction","target":{"@type":"EntryPoint","urlTemplate":"https:\/\/follgas-shop.de\/?s={search_term_string}"},"query-input":"required name=search_term_string"}],"inLanguage":"de"},{"@type":"Organization","@id":"https:\/\/follgas-shop.de\/#organization","name":"FOLLGAS Online-Shop","url":"https:\/\/follgas-shop.de\/","logo":{"@type":"ImageObject","inLanguage":"de","@id":"https:\/\/follgas-shop.de\/#\/schema\/logo\/image\/","url":"https:\/\/follgas-shop.de\/wp-content\/uploads\/2021\/01\/cropped-cropped-vv-1.png","contentUrl":"https:\/\/follgas-shop.de\/wp-content\/uploads\/2021\/01\/cropped-cropped-vv-1.png","width":279,"height":119,"caption":"FOLLGAS Online-Shop"},"image":{"@id":"https:\/\/follgas-shop.de\/#\/schema\/logo\/image\/"}}]}},"_links":{"self":[{"href":"https:\/\/follgas-shop.de\/index.php\/wp-json\/wp\/v2\/product\/431"}],"collection":[{"href":"https:\/\/follgas-shop.de\/index.php\/wp-json\/wp\/v2\/product"}],"about":[{"href":"https:\/\/follgas-shop.de\/index.php\/wp-json\/wp\/v2\/types\/product"}],"replies":[{"embeddable":true,"href":"https:\/\/follgas-shop.de\/index.php\/wp-json\/wp\/v2\/comments?post=431"}],"wp:featuredmedia":[{"embeddable":true,"href":"https:\/\/follgas-shop.de\/index.php\/wp-json\/wp\/v2\/media\/442"}],"wp:attachment":[{"href":"https:\/\/follgas-shop.de\/index.php\/wp-json\/wp\/v2\/media?parent=431"}],"wp:term":[{"taxonomy":"product_cat","embeddable":true,"href":"https:\/\/follgas-shop.de\/index.php\/wp-json\/wp\/v2\/product_cat?post=431"},{"taxonomy":"product_tag","embeddable":true,"href":"https:\/\/follgas-shop.de\/index.php\/wp-json\/wp\/v2\/product_tag?post=431"}],"curies":[{"name":"wp","href":"https:\/\/api.w.org\/{rel}","templated":true}]}}