
{"id":453,"date":"2023-06-20T22:48:23","date_gmt":"2023-06-20T20:48:23","guid":{"rendered":"https:\/\/follgas-shop.de\/?post_type=product&#038;p=453"},"modified":"2026-01-05T20:04:21","modified_gmt":"2026-01-05T19:04:21","slug":"follgas-schluesselanhaenger","status":"publish","type":"product","link":"https:\/\/follgas-shop.de\/index.php\/produkt\/follgas-schluesselanhaenger\/","title":{"rendered":"FOLLGAS Schl\u00fcsselanh\u00e4nger Classic | Robust &#038; Einzigartig"},"content":{"rendered":"<p>Der FOLLGAS Schl\u00fcsselanh\u00e4nger kombiniert modernes 3D-Druckdesign mit einer markanten Struktur und einem pr\u00e4gnanten FOLLGAS-Logo. Durch seine robuste, leichte Bauweise liegt er angenehm in der Hand und verleiht jedem Schl\u00fcsselbund eine individuelle Note. Das hochwertige Material sorgt f\u00fcr langlebige Stabilit\u00e4t, w\u00e4hrend das einzigartige Finish den Schl\u00fcsselanh\u00e4nger zu einem stilvollen Alltagsbegleiter macht, der Funktionalit\u00e4t und Markencharakter ideal verbindet.<\/p>\n<p>Ma\u00dfe:<br \/>\n7,5cm lang<br \/>\n2,0cm hoch<br \/>\n0,3cm st\u00e4rke<\/p>\n","protected":false},"excerpt":{"rendered":"<p>Der FOLLGAS Schl\u00fcsselanh\u00e4nger kombiniert modernes 3D-Druckdesign mit einer markanten Struktur und einem pr\u00e4gnanten FOLLGAS-Logo. Durch seine robuste, leichte Bauweise liegt er angenehm in der Hand und verleiht jedem Schl\u00fcsselbund eine individuelle Note. Das hochwertige Material sorgt f\u00fcr langlebige Stabilit\u00e4t, w\u00e4hrend das einzigartige Finish den Schl\u00fcsselanh\u00e4nger zu einem stilvollen Alltagsbegleiter macht, der Funktionalit\u00e4t und Markencharakter ideal [&hellip;]<\/p>\n","protected":false},"featured_media":458,"comment_status":"open","ping_status":"closed","template":"","meta":[],"product_cat":[17],"product_tag":[],"yoast_head":"<!-- This site is optimized with the Yoast SEO plugin v22.3 - https:\/\/yoast.com\/wordpress\/plugins\/seo\/ -->\n<title>FOLLGAS Schl\u00fcsselanh\u00e4nger Classic | Robust &amp; Einzigartig - FOLLGAS Online-Shop<\/title>\n<meta name=\"description\" content=\"Der FOLLGAS Schl\u00fcsselanh\u00e4nger \u00fcberzeugt mit modernem 3D-Druck, einzigartiger Haptik FOLLGAS-Logo. Leicht, robust und ein must have f\u00fcr jeden Schl\u00fcsselbund.\" \/>\n<meta name=\"robots\" content=\"index, follow, max-snippet:-1, max-image-preview:large, max-video-preview:-1\" \/>\n<link rel=\"canonical\" href=\"https:\/\/follgas-shop.de\/index.php\/produkt\/follgas-schluesselanhaenger\/\" \/>\n<meta property=\"og:locale\" content=\"de_DE\" \/>\n<meta property=\"og:type\" content=\"article\" \/>\n<meta property=\"og:title\" content=\"FOLLGAS Schl\u00fcsselanh\u00e4nger Classic | Robust &amp; Einzigartig - FOLLGAS Online-Shop\" \/>\n<meta property=\"og:description\" content=\"Der FOLLGAS Schl\u00fcsselanh\u00e4nger \u00fcberzeugt mit modernem 3D-Druck, einzigartiger Haptik FOLLGAS-Logo. Leicht, robust und ein must have f\u00fcr jeden Schl\u00fcsselbund.\" \/>\n<meta property=\"og:url\" content=\"https:\/\/follgas-shop.de\/index.php\/produkt\/follgas-schluesselanhaenger\/\" \/>\n<meta property=\"og:site_name\" content=\"FOLLGAS Online-Shop\" \/>\n<meta property=\"article:modified_time\" content=\"2026-01-05T19:04:21+00:00\" \/>\n<meta property=\"og:image\" content=\"https:\/\/follgas-shop.de\/wp-content\/uploads\/2023\/06\/photo1687342257.jpeg\" \/>\n\t<meta property=\"og:image:width\" content=\"852\" \/>\n\t<meta property=\"og:image:height\" content=\"1280\" \/>\n\t<meta property=\"og:image:type\" content=\"image\/jpeg\" \/>\n<meta name=\"twitter:card\" content=\"summary_large_image\" \/>\n<meta name=\"twitter:label1\" content=\"Gesch\u00e4tzte Lesezeit\" \/>\n\t<meta name=\"twitter:data1\" content=\"1\u00a0Minute\" \/>\n<script type=\"application\/ld+json\" class=\"yoast-schema-graph\">{\"@context\":\"https:\/\/schema.org\",\"@graph\":[{\"@type\":\"WebPage\",\"@id\":\"https:\/\/follgas-shop.de\/index.php\/produkt\/follgas-schluesselanhaenger\/\",\"url\":\"https:\/\/follgas-shop.de\/index.php\/produkt\/follgas-schluesselanhaenger\/\",\"name\":\"FOLLGAS Schl\u00fcsselanh\u00e4nger Classic | Robust & Einzigartig - FOLLGAS Online-Shop\",\"isPartOf\":{\"@id\":\"https:\/\/follgas-shop.de\/#website\"},\"primaryImageOfPage\":{\"@id\":\"https:\/\/follgas-shop.de\/index.php\/produkt\/follgas-schluesselanhaenger\/#primaryimage\"},\"image\":{\"@id\":\"https:\/\/follgas-shop.de\/index.php\/produkt\/follgas-schluesselanhaenger\/#primaryimage\"},\"thumbnailUrl\":\"https:\/\/follgas-shop.de\/wp-content\/uploads\/2023\/06\/photo1687342257.jpeg\",\"datePublished\":\"2023-06-20T20:48:23+00:00\",\"dateModified\":\"2026-01-05T19:04:21+00:00\",\"description\":\"Der FOLLGAS Schl\u00fcsselanh\u00e4nger \u00fcberzeugt mit modernem 3D-Druck, einzigartiger Haptik FOLLGAS-Logo. Leicht, robust und ein must have f\u00fcr jeden Schl\u00fcsselbund.\",\"breadcrumb\":{\"@id\":\"https:\/\/follgas-shop.de\/index.php\/produkt\/follgas-schluesselanhaenger\/#breadcrumb\"},\"inLanguage\":\"de\",\"potentialAction\":[{\"@type\":\"ReadAction\",\"target\":[\"https:\/\/follgas-shop.de\/index.php\/produkt\/follgas-schluesselanhaenger\/\"]}]},{\"@type\":\"ImageObject\",\"inLanguage\":\"de\",\"@id\":\"https:\/\/follgas-shop.de\/index.php\/produkt\/follgas-schluesselanhaenger\/#primaryimage\",\"url\":\"https:\/\/follgas-shop.de\/wp-content\/uploads\/2023\/06\/photo1687342257.jpeg\",\"contentUrl\":\"https:\/\/follgas-shop.de\/wp-content\/uploads\/2023\/06\/photo1687342257.jpeg\",\"width\":852,\"height\":1280,\"caption\":\"Schl\u00fcsselanh\u00e4nger\"},{\"@type\":\"BreadcrumbList\",\"@id\":\"https:\/\/follgas-shop.de\/index.php\/produkt\/follgas-schluesselanhaenger\/#breadcrumb\",\"itemListElement\":[{\"@type\":\"ListItem\",\"position\":1,\"name\":\"Startseite\",\"item\":\"https:\/\/follgas-shop.de\/\"},{\"@type\":\"ListItem\",\"position\":2,\"name\":\"Shop\",\"item\":\"https:\/\/follgas-shop.de\/\"},{\"@type\":\"ListItem\",\"position\":3,\"name\":\"FOLLGAS Schl\u00fcsselanh\u00e4nger Classic | Robust &#038; Einzigartig\"}]},{\"@type\":\"WebSite\",\"@id\":\"https:\/\/follgas-shop.de\/#website\",\"url\":\"https:\/\/follgas-shop.de\/\",\"name\":\"FOLLGAS Online-Shop\",\"description\":\"\",\"publisher\":{\"@id\":\"https:\/\/follgas-shop.de\/#organization\"},\"potentialAction\":[{\"@type\":\"SearchAction\",\"target\":{\"@type\":\"EntryPoint\",\"urlTemplate\":\"https:\/\/follgas-shop.de\/?s={search_term_string}\"},\"query-input\":\"required name=search_term_string\"}],\"inLanguage\":\"de\"},{\"@type\":\"Organization\",\"@id\":\"https:\/\/follgas-shop.de\/#organization\",\"name\":\"FOLLGAS Online-Shop\",\"url\":\"https:\/\/follgas-shop.de\/\",\"logo\":{\"@type\":\"ImageObject\",\"inLanguage\":\"de\",\"@id\":\"https:\/\/follgas-shop.de\/#\/schema\/logo\/image\/\",\"url\":\"https:\/\/follgas-shop.de\/wp-content\/uploads\/2021\/01\/cropped-cropped-vv-1.png\",\"contentUrl\":\"https:\/\/follgas-shop.de\/wp-content\/uploads\/2021\/01\/cropped-cropped-vv-1.png\",\"width\":279,\"height\":119,\"caption\":\"FOLLGAS Online-Shop\"},\"image\":{\"@id\":\"https:\/\/follgas-shop.de\/#\/schema\/logo\/image\/\"}}]}<\/script>\n<!-- \/ Yoast SEO plugin. -->","yoast_head_json":{"title":"FOLLGAS Schl\u00fcsselanh\u00e4nger Classic | Robust & Einzigartig - FOLLGAS Online-Shop","description":"Der FOLLGAS Schl\u00fcsselanh\u00e4nger \u00fcberzeugt mit modernem 3D-Druck, einzigartiger Haptik FOLLGAS-Logo. Leicht, robust und ein must have f\u00fcr jeden Schl\u00fcsselbund.","robots":{"index":"index","follow":"follow","max-snippet":"max-snippet:-1","max-image-preview":"max-image-preview:large","max-video-preview":"max-video-preview:-1"},"canonical":"https:\/\/follgas-shop.de\/index.php\/produkt\/follgas-schluesselanhaenger\/","og_locale":"de_DE","og_type":"article","og_title":"FOLLGAS Schl\u00fcsselanh\u00e4nger Classic | Robust & Einzigartig - FOLLGAS Online-Shop","og_description":"Der FOLLGAS Schl\u00fcsselanh\u00e4nger \u00fcberzeugt mit modernem 3D-Druck, einzigartiger Haptik FOLLGAS-Logo. Leicht, robust und ein must have f\u00fcr jeden Schl\u00fcsselbund.","og_url":"https:\/\/follgas-shop.de\/index.php\/produkt\/follgas-schluesselanhaenger\/","og_site_name":"FOLLGAS Online-Shop","article_modified_time":"2026-01-05T19:04:21+00:00","og_image":[{"width":852,"height":1280,"url":"https:\/\/follgas-shop.de\/wp-content\/uploads\/2023\/06\/photo1687342257.jpeg","type":"image\/jpeg"}],"twitter_card":"summary_large_image","twitter_misc":{"Gesch\u00e4tzte Lesezeit":"1\u00a0Minute"},"schema":{"@context":"https:\/\/schema.org","@graph":[{"@type":"WebPage","@id":"https:\/\/follgas-shop.de\/index.php\/produkt\/follgas-schluesselanhaenger\/","url":"https:\/\/follgas-shop.de\/index.php\/produkt\/follgas-schluesselanhaenger\/","name":"FOLLGAS Schl\u00fcsselanh\u00e4nger Classic | Robust & Einzigartig - FOLLGAS Online-Shop","isPartOf":{"@id":"https:\/\/follgas-shop.de\/#website"},"primaryImageOfPage":{"@id":"https:\/\/follgas-shop.de\/index.php\/produkt\/follgas-schluesselanhaenger\/#primaryimage"},"image":{"@id":"https:\/\/follgas-shop.de\/index.php\/produkt\/follgas-schluesselanhaenger\/#primaryimage"},"thumbnailUrl":"https:\/\/follgas-shop.de\/wp-content\/uploads\/2023\/06\/photo1687342257.jpeg","datePublished":"2023-06-20T20:48:23+00:00","dateModified":"2026-01-05T19:04:21+00:00","description":"Der FOLLGAS Schl\u00fcsselanh\u00e4nger \u00fcberzeugt mit modernem 3D-Druck, einzigartiger Haptik FOLLGAS-Logo. Leicht, robust und ein must have f\u00fcr jeden Schl\u00fcsselbund.","breadcrumb":{"@id":"https:\/\/follgas-shop.de\/index.php\/produkt\/follgas-schluesselanhaenger\/#breadcrumb"},"inLanguage":"de","potentialAction":[{"@type":"ReadAction","target":["https:\/\/follgas-shop.de\/index.php\/produkt\/follgas-schluesselanhaenger\/"]}]},{"@type":"ImageObject","inLanguage":"de","@id":"https:\/\/follgas-shop.de\/index.php\/produkt\/follgas-schluesselanhaenger\/#primaryimage","url":"https:\/\/follgas-shop.de\/wp-content\/uploads\/2023\/06\/photo1687342257.jpeg","contentUrl":"https:\/\/follgas-shop.de\/wp-content\/uploads\/2023\/06\/photo1687342257.jpeg","width":852,"height":1280,"caption":"Schl\u00fcsselanh\u00e4nger"},{"@type":"BreadcrumbList","@id":"https:\/\/follgas-shop.de\/index.php\/produkt\/follgas-schluesselanhaenger\/#breadcrumb","itemListElement":[{"@type":"ListItem","position":1,"name":"Startseite","item":"https:\/\/follgas-shop.de\/"},{"@type":"ListItem","position":2,"name":"Shop","item":"https:\/\/follgas-shop.de\/"},{"@type":"ListItem","position":3,"name":"FOLLGAS Schl\u00fcsselanh\u00e4nger Classic | Robust &#038; Einzigartig"}]},{"@type":"WebSite","@id":"https:\/\/follgas-shop.de\/#website","url":"https:\/\/follgas-shop.de\/","name":"FOLLGAS Online-Shop","description":"","publisher":{"@id":"https:\/\/follgas-shop.de\/#organization"},"potentialAction":[{"@type":"SearchAction","target":{"@type":"EntryPoint","urlTemplate":"https:\/\/follgas-shop.de\/?s={search_term_string}"},"query-input":"required name=search_term_string"}],"inLanguage":"de"},{"@type":"Organization","@id":"https:\/\/follgas-shop.de\/#organization","name":"FOLLGAS Online-Shop","url":"https:\/\/follgas-shop.de\/","logo":{"@type":"ImageObject","inLanguage":"de","@id":"https:\/\/follgas-shop.de\/#\/schema\/logo\/image\/","url":"https:\/\/follgas-shop.de\/wp-content\/uploads\/2021\/01\/cropped-cropped-vv-1.png","contentUrl":"https:\/\/follgas-shop.de\/wp-content\/uploads\/2021\/01\/cropped-cropped-vv-1.png","width":279,"height":119,"caption":"FOLLGAS Online-Shop"},"image":{"@id":"https:\/\/follgas-shop.de\/#\/schema\/logo\/image\/"}}]}},"_links":{"self":[{"href":"https:\/\/follgas-shop.de\/index.php\/wp-json\/wp\/v2\/product\/453"}],"collection":[{"href":"https:\/\/follgas-shop.de\/index.php\/wp-json\/wp\/v2\/product"}],"about":[{"href":"https:\/\/follgas-shop.de\/index.php\/wp-json\/wp\/v2\/types\/product"}],"replies":[{"embeddable":true,"href":"https:\/\/follgas-shop.de\/index.php\/wp-json\/wp\/v2\/comments?post=453"}],"wp:featuredmedia":[{"embeddable":true,"href":"https:\/\/follgas-shop.de\/index.php\/wp-json\/wp\/v2\/media\/458"}],"wp:attachment":[{"href":"https:\/\/follgas-shop.de\/index.php\/wp-json\/wp\/v2\/media?parent=453"}],"wp:term":[{"taxonomy":"product_cat","embeddable":true,"href":"https:\/\/follgas-shop.de\/index.php\/wp-json\/wp\/v2\/product_cat?post=453"},{"taxonomy":"product_tag","embeddable":true,"href":"https:\/\/follgas-shop.de\/index.php\/wp-json\/wp\/v2\/product_tag?post=453"}],"curies":[{"name":"wp","href":"https:\/\/api.w.org\/{rel}","templated":true}]}}