
{"id":479,"date":"2023-08-03T22:22:16","date_gmt":"2023-08-03T20:22:16","guid":{"rendered":"https:\/\/follgas-shop.de\/?post_type=product&#038;p=479"},"modified":"2025-11-26T12:27:54","modified_gmt":"2025-11-26T11:27:54","slug":"follgas-oeffner","status":"publish","type":"product","link":"https:\/\/follgas-shop.de\/index.php\/produkt\/follgas-oeffner\/","title":{"rendered":"FOLLGAS \u00d6ffner mit magnetischer R\u00fcckseite"},"content":{"rendered":"<h2 data-start=\"248\" data-end=\"320\"><strong data-start=\"251\" data-end=\"320\">FOLLGAS \u00d6ffner mit magnetischer R\u00fcckseite<\/strong><\/h2>\n<p data-start=\"322\" data-end=\"1006\">Der FOLLGAS Flaschen- und Dosen\u00f6ffner \u00fcberzeugt durch seine innovative 3D-Druckfertigung, die ihm eine einzigartige Haptik und ein markantes, individuell gestaltetes FOLLGAS-Logo verleiht. Die Kombination aus robuster Konstruktion und pr\u00e4ziser Formgebung sorgt f\u00fcr ein angenehmes Handling und eine langlebige Nutzung im Alltag. Dank der integrierten Magnetr\u00fcckseite l\u00e4sst sich der \u00d6ffner sicher und bequem an K\u00fchlschr\u00e4nken, Metallfl\u00e4chen oder Werkzeugw\u00e4nden befestigen und ist damit jederzeit griffbereit. Mit seinem modernen Look und der hohen Funktionalit\u00e4t eignet sich der \u00d6ffner perfekt f\u00fcr K\u00fcche, Bar, Werkstatt oder unterwegs und wird schnell zu einem unverzichtbaren Begleiter.<\/p>\n","protected":false},"excerpt":{"rendered":"<p>FOLLGAS \u00d6ffner mit magnetischer R\u00fcckseite Der FOLLGAS Flaschen- und Dosen\u00f6ffner \u00fcberzeugt durch seine innovative 3D-Druckfertigung, die ihm eine einzigartige Haptik und ein markantes, individuell gestaltetes FOLLGAS-Logo verleiht. Die Kombination aus robuster Konstruktion und pr\u00e4ziser Formgebung sorgt f\u00fcr ein angenehmes Handling und eine langlebige Nutzung im Alltag. Dank der integrierten Magnetr\u00fcckseite l\u00e4sst sich der \u00d6ffner sicher [&hellip;]<\/p>\n","protected":false},"featured_media":480,"comment_status":"open","ping_status":"closed","template":"","meta":[],"product_cat":[17],"product_tag":[],"yoast_head":"<!-- This site is optimized with the Yoast SEO plugin v22.3 - https:\/\/yoast.com\/wordpress\/plugins\/seo\/ -->\n<title>FOLLGAS \u00d6ffner mit magnetischer R\u00fcckseite - FOLLGAS Online-Shop<\/title>\n<meta name=\"description\" content=\"Der FOLLGAS Flaschen- &amp; Dosen\u00f6ffner aus hochwertigem 3D-Druck mit angenehmer Haptik und praktischer Magnetr\u00fcckseite. Ideal f\u00fcr K\u00fcche, Bar und unterwegs.\" \/>\n<meta name=\"robots\" content=\"index, follow, max-snippet:-1, max-image-preview:large, max-video-preview:-1\" \/>\n<link rel=\"canonical\" href=\"https:\/\/follgas-shop.de\/index.php\/produkt\/follgas-oeffner\/\" \/>\n<meta property=\"og:locale\" content=\"de_DE\" \/>\n<meta property=\"og:type\" content=\"article\" \/>\n<meta property=\"og:title\" content=\"FOLLGAS \u00d6ffner mit magnetischer R\u00fcckseite - FOLLGAS Online-Shop\" \/>\n<meta property=\"og:description\" content=\"Der FOLLGAS Flaschen- &amp; Dosen\u00f6ffner aus hochwertigem 3D-Druck mit angenehmer Haptik und praktischer Magnetr\u00fcckseite. Ideal f\u00fcr K\u00fcche, Bar und unterwegs.\" \/>\n<meta property=\"og:url\" content=\"https:\/\/follgas-shop.de\/index.php\/produkt\/follgas-oeffner\/\" \/>\n<meta property=\"og:site_name\" content=\"FOLLGAS Online-Shop\" \/>\n<meta property=\"article:modified_time\" content=\"2025-11-26T11:27:54+00:00\" \/>\n<meta property=\"og:image\" content=\"https:\/\/follgas-shop.de\/wp-content\/uploads\/2023\/08\/Foto-05.07.23-07-40-16-scaled.jpg\" \/>\n\t<meta property=\"og:image:width\" content=\"1733\" \/>\n\t<meta property=\"og:image:height\" content=\"2560\" \/>\n\t<meta property=\"og:image:type\" content=\"image\/jpeg\" \/>\n<meta name=\"twitter:card\" content=\"summary_large_image\" \/>\n<meta name=\"twitter:label1\" content=\"Gesch\u00e4tzte Lesezeit\" \/>\n\t<meta name=\"twitter:data1\" content=\"1\u00a0Minute\" \/>\n<script type=\"application\/ld+json\" class=\"yoast-schema-graph\">{\"@context\":\"https:\/\/schema.org\",\"@graph\":[{\"@type\":\"WebPage\",\"@id\":\"https:\/\/follgas-shop.de\/index.php\/produkt\/follgas-oeffner\/\",\"url\":\"https:\/\/follgas-shop.de\/index.php\/produkt\/follgas-oeffner\/\",\"name\":\"FOLLGAS \u00d6ffner mit magnetischer R\u00fcckseite - FOLLGAS Online-Shop\",\"isPartOf\":{\"@id\":\"https:\/\/follgas-shop.de\/#website\"},\"primaryImageOfPage\":{\"@id\":\"https:\/\/follgas-shop.de\/index.php\/produkt\/follgas-oeffner\/#primaryimage\"},\"image\":{\"@id\":\"https:\/\/follgas-shop.de\/index.php\/produkt\/follgas-oeffner\/#primaryimage\"},\"thumbnailUrl\":\"https:\/\/follgas-shop.de\/wp-content\/uploads\/2023\/08\/Foto-05.07.23-07-40-16-scaled.jpg\",\"datePublished\":\"2023-08-03T20:22:16+00:00\",\"dateModified\":\"2025-11-26T11:27:54+00:00\",\"description\":\"Der FOLLGAS Flaschen- & Dosen\u00f6ffner aus hochwertigem 3D-Druck mit angenehmer Haptik und praktischer Magnetr\u00fcckseite. Ideal f\u00fcr K\u00fcche, Bar und unterwegs.\",\"breadcrumb\":{\"@id\":\"https:\/\/follgas-shop.de\/index.php\/produkt\/follgas-oeffner\/#breadcrumb\"},\"inLanguage\":\"de\",\"potentialAction\":[{\"@type\":\"ReadAction\",\"target\":[\"https:\/\/follgas-shop.de\/index.php\/produkt\/follgas-oeffner\/\"]}]},{\"@type\":\"ImageObject\",\"inLanguage\":\"de\",\"@id\":\"https:\/\/follgas-shop.de\/index.php\/produkt\/follgas-oeffner\/#primaryimage\",\"url\":\"https:\/\/follgas-shop.de\/wp-content\/uploads\/2023\/08\/Foto-05.07.23-07-40-16-scaled.jpg\",\"contentUrl\":\"https:\/\/follgas-shop.de\/wp-content\/uploads\/2023\/08\/Foto-05.07.23-07-40-16-scaled.jpg\",\"width\":1733,\"height\":2560,\"caption\":\"Follgas Flaschen\u00f6fnner\"},{\"@type\":\"BreadcrumbList\",\"@id\":\"https:\/\/follgas-shop.de\/index.php\/produkt\/follgas-oeffner\/#breadcrumb\",\"itemListElement\":[{\"@type\":\"ListItem\",\"position\":1,\"name\":\"Startseite\",\"item\":\"https:\/\/follgas-shop.de\/\"},{\"@type\":\"ListItem\",\"position\":2,\"name\":\"Shop\",\"item\":\"https:\/\/follgas-shop.de\/\"},{\"@type\":\"ListItem\",\"position\":3,\"name\":\"FOLLGAS \u00d6ffner mit magnetischer R\u00fcckseite\"}]},{\"@type\":\"WebSite\",\"@id\":\"https:\/\/follgas-shop.de\/#website\",\"url\":\"https:\/\/follgas-shop.de\/\",\"name\":\"FOLLGAS Online-Shop\",\"description\":\"\",\"publisher\":{\"@id\":\"https:\/\/follgas-shop.de\/#organization\"},\"potentialAction\":[{\"@type\":\"SearchAction\",\"target\":{\"@type\":\"EntryPoint\",\"urlTemplate\":\"https:\/\/follgas-shop.de\/?s={search_term_string}\"},\"query-input\":\"required name=search_term_string\"}],\"inLanguage\":\"de\"},{\"@type\":\"Organization\",\"@id\":\"https:\/\/follgas-shop.de\/#organization\",\"name\":\"FOLLGAS Online-Shop\",\"url\":\"https:\/\/follgas-shop.de\/\",\"logo\":{\"@type\":\"ImageObject\",\"inLanguage\":\"de\",\"@id\":\"https:\/\/follgas-shop.de\/#\/schema\/logo\/image\/\",\"url\":\"https:\/\/follgas-shop.de\/wp-content\/uploads\/2021\/01\/cropped-cropped-vv-1.png\",\"contentUrl\":\"https:\/\/follgas-shop.de\/wp-content\/uploads\/2021\/01\/cropped-cropped-vv-1.png\",\"width\":279,\"height\":119,\"caption\":\"FOLLGAS Online-Shop\"},\"image\":{\"@id\":\"https:\/\/follgas-shop.de\/#\/schema\/logo\/image\/\"}}]}<\/script>\n<!-- \/ Yoast SEO plugin. -->","yoast_head_json":{"title":"FOLLGAS \u00d6ffner mit magnetischer R\u00fcckseite - FOLLGAS Online-Shop","description":"Der FOLLGAS Flaschen- & Dosen\u00f6ffner aus hochwertigem 3D-Druck mit angenehmer Haptik und praktischer Magnetr\u00fcckseite. Ideal f\u00fcr K\u00fcche, Bar und unterwegs.","robots":{"index":"index","follow":"follow","max-snippet":"max-snippet:-1","max-image-preview":"max-image-preview:large","max-video-preview":"max-video-preview:-1"},"canonical":"https:\/\/follgas-shop.de\/index.php\/produkt\/follgas-oeffner\/","og_locale":"de_DE","og_type":"article","og_title":"FOLLGAS \u00d6ffner mit magnetischer R\u00fcckseite - FOLLGAS Online-Shop","og_description":"Der FOLLGAS Flaschen- & Dosen\u00f6ffner aus hochwertigem 3D-Druck mit angenehmer Haptik und praktischer Magnetr\u00fcckseite. Ideal f\u00fcr K\u00fcche, Bar und unterwegs.","og_url":"https:\/\/follgas-shop.de\/index.php\/produkt\/follgas-oeffner\/","og_site_name":"FOLLGAS Online-Shop","article_modified_time":"2025-11-26T11:27:54+00:00","og_image":[{"width":1733,"height":2560,"url":"https:\/\/follgas-shop.de\/wp-content\/uploads\/2023\/08\/Foto-05.07.23-07-40-16-scaled.jpg","type":"image\/jpeg"}],"twitter_card":"summary_large_image","twitter_misc":{"Gesch\u00e4tzte Lesezeit":"1\u00a0Minute"},"schema":{"@context":"https:\/\/schema.org","@graph":[{"@type":"WebPage","@id":"https:\/\/follgas-shop.de\/index.php\/produkt\/follgas-oeffner\/","url":"https:\/\/follgas-shop.de\/index.php\/produkt\/follgas-oeffner\/","name":"FOLLGAS \u00d6ffner mit magnetischer R\u00fcckseite - FOLLGAS Online-Shop","isPartOf":{"@id":"https:\/\/follgas-shop.de\/#website"},"primaryImageOfPage":{"@id":"https:\/\/follgas-shop.de\/index.php\/produkt\/follgas-oeffner\/#primaryimage"},"image":{"@id":"https:\/\/follgas-shop.de\/index.php\/produkt\/follgas-oeffner\/#primaryimage"},"thumbnailUrl":"https:\/\/follgas-shop.de\/wp-content\/uploads\/2023\/08\/Foto-05.07.23-07-40-16-scaled.jpg","datePublished":"2023-08-03T20:22:16+00:00","dateModified":"2025-11-26T11:27:54+00:00","description":"Der FOLLGAS Flaschen- & Dosen\u00f6ffner aus hochwertigem 3D-Druck mit angenehmer Haptik und praktischer Magnetr\u00fcckseite. Ideal f\u00fcr K\u00fcche, Bar und unterwegs.","breadcrumb":{"@id":"https:\/\/follgas-shop.de\/index.php\/produkt\/follgas-oeffner\/#breadcrumb"},"inLanguage":"de","potentialAction":[{"@type":"ReadAction","target":["https:\/\/follgas-shop.de\/index.php\/produkt\/follgas-oeffner\/"]}]},{"@type":"ImageObject","inLanguage":"de","@id":"https:\/\/follgas-shop.de\/index.php\/produkt\/follgas-oeffner\/#primaryimage","url":"https:\/\/follgas-shop.de\/wp-content\/uploads\/2023\/08\/Foto-05.07.23-07-40-16-scaled.jpg","contentUrl":"https:\/\/follgas-shop.de\/wp-content\/uploads\/2023\/08\/Foto-05.07.23-07-40-16-scaled.jpg","width":1733,"height":2560,"caption":"Follgas Flaschen\u00f6fnner"},{"@type":"BreadcrumbList","@id":"https:\/\/follgas-shop.de\/index.php\/produkt\/follgas-oeffner\/#breadcrumb","itemListElement":[{"@type":"ListItem","position":1,"name":"Startseite","item":"https:\/\/follgas-shop.de\/"},{"@type":"ListItem","position":2,"name":"Shop","item":"https:\/\/follgas-shop.de\/"},{"@type":"ListItem","position":3,"name":"FOLLGAS \u00d6ffner mit magnetischer R\u00fcckseite"}]},{"@type":"WebSite","@id":"https:\/\/follgas-shop.de\/#website","url":"https:\/\/follgas-shop.de\/","name":"FOLLGAS Online-Shop","description":"","publisher":{"@id":"https:\/\/follgas-shop.de\/#organization"},"potentialAction":[{"@type":"SearchAction","target":{"@type":"EntryPoint","urlTemplate":"https:\/\/follgas-shop.de\/?s={search_term_string}"},"query-input":"required name=search_term_string"}],"inLanguage":"de"},{"@type":"Organization","@id":"https:\/\/follgas-shop.de\/#organization","name":"FOLLGAS Online-Shop","url":"https:\/\/follgas-shop.de\/","logo":{"@type":"ImageObject","inLanguage":"de","@id":"https:\/\/follgas-shop.de\/#\/schema\/logo\/image\/","url":"https:\/\/follgas-shop.de\/wp-content\/uploads\/2021\/01\/cropped-cropped-vv-1.png","contentUrl":"https:\/\/follgas-shop.de\/wp-content\/uploads\/2021\/01\/cropped-cropped-vv-1.png","width":279,"height":119,"caption":"FOLLGAS Online-Shop"},"image":{"@id":"https:\/\/follgas-shop.de\/#\/schema\/logo\/image\/"}}]}},"_links":{"self":[{"href":"https:\/\/follgas-shop.de\/index.php\/wp-json\/wp\/v2\/product\/479"}],"collection":[{"href":"https:\/\/follgas-shop.de\/index.php\/wp-json\/wp\/v2\/product"}],"about":[{"href":"https:\/\/follgas-shop.de\/index.php\/wp-json\/wp\/v2\/types\/product"}],"replies":[{"embeddable":true,"href":"https:\/\/follgas-shop.de\/index.php\/wp-json\/wp\/v2\/comments?post=479"}],"wp:featuredmedia":[{"embeddable":true,"href":"https:\/\/follgas-shop.de\/index.php\/wp-json\/wp\/v2\/media\/480"}],"wp:attachment":[{"href":"https:\/\/follgas-shop.de\/index.php\/wp-json\/wp\/v2\/media?parent=479"}],"wp:term":[{"taxonomy":"product_cat","embeddable":true,"href":"https:\/\/follgas-shop.de\/index.php\/wp-json\/wp\/v2\/product_cat?post=479"},{"taxonomy":"product_tag","embeddable":true,"href":"https:\/\/follgas-shop.de\/index.php\/wp-json\/wp\/v2\/product_tag?post=479"}],"curies":[{"name":"wp","href":"https:\/\/api.w.org\/{rel}","templated":true}]}}