
{"id":637,"date":"2025-11-26T16:26:13","date_gmt":"2025-11-26T15:26:13","guid":{"rendered":"https:\/\/follgas-shop.de\/?post_type=product&#038;p=637"},"modified":"2026-01-05T19:58:14","modified_gmt":"2026-01-05T18:58:14","slug":"follgas-energydrink-mango-6er","status":"publish","type":"product","link":"https:\/\/follgas-shop.de\/index.php\/produkt\/follgas-energydrink-mango-6er\/","title":{"rendered":"FOLLGAS Energydrink Mango Bundle 6er \u2013 250ml"},"content":{"rendered":"<p data-start=\"689\" data-end=\"1015\">Das <strong data-start=\"693\" data-end=\"759\">FOLLGAS Energy Drink Mango 6erSet \u2013 250 ml Slimline Alu-Dose<\/strong> ist die perfekte Wahl f\u00fcr alle, die tropisch-fruchtigen Geschmack mit belebender Energie verbinden m\u00f6chten. Du erh\u00e4ltst <strong data-start=\"880\" data-end=\"954\">\u00a06 Dosen des erfrischenden <span class=\"hover:entity-accent entity-underline inline cursor-pointer align-baseline\"><span class=\"whitespace-normal\">FOLLGAS Energy Drink<\/span><\/span> Mango<\/strong> \u2013 ideal f\u00fcr Alltag, Sport, Gaming, B\u00fcro, Schule oder Events.<\/p>\n<p data-start=\"1017\" data-end=\"1273\">Der FOLLGAS Energy Drink Mango \u00fcberzeugt mit intensivem Mangogeschmack, prickelnder Kohlens\u00e4ure und belebendem Koffein. Die <strong data-start=\"1141\" data-end=\"1177\">handlichen 250-ml-Slimline-Dosen<\/strong> sind perfekt portioniert, leicht zu transportieren und ideal f\u00fcr unterwegs oder gr\u00f6\u00dfere Runden.<\/p>\n<p data-start=\"1275\" data-end=\"1468\">Ob als Vorrat f\u00fcr die Woche, f\u00fcr Partys, Festivals, lange N\u00e4chte oder als Erfrischung zwischendurch \u2013 dieses 6er-Set bietet dir maximalen Vorrat, fruchtigen Geschmack und zuverl\u00e4ssige Energie.<\/p>\n","protected":false},"excerpt":{"rendered":"<p data-start=\"498\" data-end=\"606\">6x FOLLGAS Mango Energy Drink (250\u202fml Slimline Dosen) im Bundle mit Mampe Gin \u2013 tropischer Geschmack, belebendes Koffein &amp; ideal f\u00fcr kleine Partys.<\/p>\n","protected":false},"featured_media":719,"comment_status":"open","ping_status":"closed","template":"","meta":[],"product_cat":[15,31],"product_tag":[],"yoast_head":"<!-- This site is optimized with the Yoast SEO plugin v22.3 - https:\/\/yoast.com\/wordpress\/plugins\/seo\/ -->\n<title>FOLLGAS Energydrink Mango Bundle 6er \u2013 250ml - FOLLGAS Online-Shop<\/title>\n<meta name=\"description\" content=\"FOLLGAS Mango 6er Set mit Mampe Gin. Tropisch-fruchtig, erfrischend &amp; belebend \u2013 perfekt f\u00fcr Partys, Longdrinks &amp; Events.\" \/>\n<meta name=\"robots\" content=\"index, follow, max-snippet:-1, max-image-preview:large, max-video-preview:-1\" \/>\n<link rel=\"canonical\" href=\"https:\/\/follgas-shop.de\/index.php\/produkt\/follgas-energydrink-mango-6er\/\" \/>\n<meta property=\"og:locale\" content=\"de_DE\" \/>\n<meta property=\"og:type\" content=\"article\" \/>\n<meta property=\"og:title\" content=\"FOLLGAS Energydrink Mango Bundle 6er \u2013 250ml - FOLLGAS Online-Shop\" \/>\n<meta property=\"og:description\" content=\"FOLLGAS Mango 6er Set mit Mampe Gin. Tropisch-fruchtig, erfrischend &amp; belebend \u2013 perfekt f\u00fcr Partys, Longdrinks &amp; Events.\" \/>\n<meta property=\"og:url\" content=\"https:\/\/follgas-shop.de\/index.php\/produkt\/follgas-energydrink-mango-6er\/\" \/>\n<meta property=\"og:site_name\" content=\"FOLLGAS Online-Shop\" \/>\n<meta property=\"article:modified_time\" content=\"2026-01-05T18:58:14+00:00\" \/>\n<meta property=\"og:image\" content=\"https:\/\/follgas-shop.de\/wp-content\/uploads\/2026\/01\/Follgas_Mango_6_weiss-819x1024.png\" \/>\n\t<meta property=\"og:image:width\" content=\"819\" \/>\n\t<meta property=\"og:image:height\" content=\"1024\" \/>\n\t<meta property=\"og:image:type\" content=\"image\/png\" \/>\n<meta name=\"twitter:card\" content=\"summary_large_image\" \/>\n<meta name=\"twitter:label1\" content=\"Gesch\u00e4tzte Lesezeit\" \/>\n\t<meta name=\"twitter:data1\" content=\"1\u00a0Minute\" \/>\n<script type=\"application\/ld+json\" class=\"yoast-schema-graph\">{\"@context\":\"https:\/\/schema.org\",\"@graph\":[{\"@type\":\"WebPage\",\"@id\":\"https:\/\/follgas-shop.de\/index.php\/produkt\/follgas-energydrink-mango-6er\/\",\"url\":\"https:\/\/follgas-shop.de\/index.php\/produkt\/follgas-energydrink-mango-6er\/\",\"name\":\"FOLLGAS Energydrink Mango Bundle 6er \u2013 250ml - FOLLGAS Online-Shop\",\"isPartOf\":{\"@id\":\"https:\/\/follgas-shop.de\/#website\"},\"primaryImageOfPage\":{\"@id\":\"https:\/\/follgas-shop.de\/index.php\/produkt\/follgas-energydrink-mango-6er\/#primaryimage\"},\"image\":{\"@id\":\"https:\/\/follgas-shop.de\/index.php\/produkt\/follgas-energydrink-mango-6er\/#primaryimage\"},\"thumbnailUrl\":\"https:\/\/follgas-shop.de\/wp-content\/uploads\/2026\/01\/Follgas_Mango_6_weiss.png\",\"datePublished\":\"2025-11-26T15:26:13+00:00\",\"dateModified\":\"2026-01-05T18:58:14+00:00\",\"description\":\"FOLLGAS Mango 6er Set mit Mampe Gin. Tropisch-fruchtig, erfrischend & belebend \u2013 perfekt f\u00fcr Partys, Longdrinks & Events.\",\"breadcrumb\":{\"@id\":\"https:\/\/follgas-shop.de\/index.php\/produkt\/follgas-energydrink-mango-6er\/#breadcrumb\"},\"inLanguage\":\"de\",\"potentialAction\":[{\"@type\":\"ReadAction\",\"target\":[\"https:\/\/follgas-shop.de\/index.php\/produkt\/follgas-energydrink-mango-6er\/\"]}]},{\"@type\":\"ImageObject\",\"inLanguage\":\"de\",\"@id\":\"https:\/\/follgas-shop.de\/index.php\/produkt\/follgas-energydrink-mango-6er\/#primaryimage\",\"url\":\"https:\/\/follgas-shop.de\/wp-content\/uploads\/2026\/01\/Follgas_Mango_6_weiss.png\",\"contentUrl\":\"https:\/\/follgas-shop.de\/wp-content\/uploads\/2026\/01\/Follgas_Mango_6_weiss.png\",\"width\":1080,\"height\":1350,\"caption\":\"Follgas Mango 6\"},{\"@type\":\"BreadcrumbList\",\"@id\":\"https:\/\/follgas-shop.de\/index.php\/produkt\/follgas-energydrink-mango-6er\/#breadcrumb\",\"itemListElement\":[{\"@type\":\"ListItem\",\"position\":1,\"name\":\"Startseite\",\"item\":\"https:\/\/follgas-shop.de\/\"},{\"@type\":\"ListItem\",\"position\":2,\"name\":\"Shop\",\"item\":\"https:\/\/follgas-shop.de\/\"},{\"@type\":\"ListItem\",\"position\":3,\"name\":\"FOLLGAS Energydrink Mango Bundle 6er \u2013 250ml\"}]},{\"@type\":\"WebSite\",\"@id\":\"https:\/\/follgas-shop.de\/#website\",\"url\":\"https:\/\/follgas-shop.de\/\",\"name\":\"FOLLGAS Online-Shop\",\"description\":\"\",\"publisher\":{\"@id\":\"https:\/\/follgas-shop.de\/#organization\"},\"potentialAction\":[{\"@type\":\"SearchAction\",\"target\":{\"@type\":\"EntryPoint\",\"urlTemplate\":\"https:\/\/follgas-shop.de\/?s={search_term_string}\"},\"query-input\":\"required name=search_term_string\"}],\"inLanguage\":\"de\"},{\"@type\":\"Organization\",\"@id\":\"https:\/\/follgas-shop.de\/#organization\",\"name\":\"FOLLGAS Online-Shop\",\"url\":\"https:\/\/follgas-shop.de\/\",\"logo\":{\"@type\":\"ImageObject\",\"inLanguage\":\"de\",\"@id\":\"https:\/\/follgas-shop.de\/#\/schema\/logo\/image\/\",\"url\":\"https:\/\/follgas-shop.de\/wp-content\/uploads\/2021\/01\/cropped-cropped-vv-1.png\",\"contentUrl\":\"https:\/\/follgas-shop.de\/wp-content\/uploads\/2021\/01\/cropped-cropped-vv-1.png\",\"width\":279,\"height\":119,\"caption\":\"FOLLGAS Online-Shop\"},\"image\":{\"@id\":\"https:\/\/follgas-shop.de\/#\/schema\/logo\/image\/\"}}]}<\/script>\n<!-- \/ Yoast SEO plugin. -->","yoast_head_json":{"title":"FOLLGAS Energydrink Mango Bundle 6er \u2013 250ml - FOLLGAS Online-Shop","description":"FOLLGAS Mango 6er Set mit Mampe Gin. Tropisch-fruchtig, erfrischend & belebend \u2013 perfekt f\u00fcr Partys, Longdrinks & Events.","robots":{"index":"index","follow":"follow","max-snippet":"max-snippet:-1","max-image-preview":"max-image-preview:large","max-video-preview":"max-video-preview:-1"},"canonical":"https:\/\/follgas-shop.de\/index.php\/produkt\/follgas-energydrink-mango-6er\/","og_locale":"de_DE","og_type":"article","og_title":"FOLLGAS Energydrink Mango Bundle 6er \u2013 250ml - FOLLGAS Online-Shop","og_description":"FOLLGAS Mango 6er Set mit Mampe Gin. Tropisch-fruchtig, erfrischend & belebend \u2013 perfekt f\u00fcr Partys, Longdrinks & Events.","og_url":"https:\/\/follgas-shop.de\/index.php\/produkt\/follgas-energydrink-mango-6er\/","og_site_name":"FOLLGAS Online-Shop","article_modified_time":"2026-01-05T18:58:14+00:00","og_image":[{"width":819,"height":1024,"url":"https:\/\/follgas-shop.de\/wp-content\/uploads\/2026\/01\/Follgas_Mango_6_weiss-819x1024.png","type":"image\/png"}],"twitter_card":"summary_large_image","twitter_misc":{"Gesch\u00e4tzte Lesezeit":"1\u00a0Minute"},"schema":{"@context":"https:\/\/schema.org","@graph":[{"@type":"WebPage","@id":"https:\/\/follgas-shop.de\/index.php\/produkt\/follgas-energydrink-mango-6er\/","url":"https:\/\/follgas-shop.de\/index.php\/produkt\/follgas-energydrink-mango-6er\/","name":"FOLLGAS Energydrink Mango Bundle 6er \u2013 250ml - FOLLGAS Online-Shop","isPartOf":{"@id":"https:\/\/follgas-shop.de\/#website"},"primaryImageOfPage":{"@id":"https:\/\/follgas-shop.de\/index.php\/produkt\/follgas-energydrink-mango-6er\/#primaryimage"},"image":{"@id":"https:\/\/follgas-shop.de\/index.php\/produkt\/follgas-energydrink-mango-6er\/#primaryimage"},"thumbnailUrl":"https:\/\/follgas-shop.de\/wp-content\/uploads\/2026\/01\/Follgas_Mango_6_weiss.png","datePublished":"2025-11-26T15:26:13+00:00","dateModified":"2026-01-05T18:58:14+00:00","description":"FOLLGAS Mango 6er Set mit Mampe Gin. Tropisch-fruchtig, erfrischend & belebend \u2013 perfekt f\u00fcr Partys, Longdrinks & Events.","breadcrumb":{"@id":"https:\/\/follgas-shop.de\/index.php\/produkt\/follgas-energydrink-mango-6er\/#breadcrumb"},"inLanguage":"de","potentialAction":[{"@type":"ReadAction","target":["https:\/\/follgas-shop.de\/index.php\/produkt\/follgas-energydrink-mango-6er\/"]}]},{"@type":"ImageObject","inLanguage":"de","@id":"https:\/\/follgas-shop.de\/index.php\/produkt\/follgas-energydrink-mango-6er\/#primaryimage","url":"https:\/\/follgas-shop.de\/wp-content\/uploads\/2026\/01\/Follgas_Mango_6_weiss.png","contentUrl":"https:\/\/follgas-shop.de\/wp-content\/uploads\/2026\/01\/Follgas_Mango_6_weiss.png","width":1080,"height":1350,"caption":"Follgas Mango 6"},{"@type":"BreadcrumbList","@id":"https:\/\/follgas-shop.de\/index.php\/produkt\/follgas-energydrink-mango-6er\/#breadcrumb","itemListElement":[{"@type":"ListItem","position":1,"name":"Startseite","item":"https:\/\/follgas-shop.de\/"},{"@type":"ListItem","position":2,"name":"Shop","item":"https:\/\/follgas-shop.de\/"},{"@type":"ListItem","position":3,"name":"FOLLGAS Energydrink Mango Bundle 6er \u2013 250ml"}]},{"@type":"WebSite","@id":"https:\/\/follgas-shop.de\/#website","url":"https:\/\/follgas-shop.de\/","name":"FOLLGAS Online-Shop","description":"","publisher":{"@id":"https:\/\/follgas-shop.de\/#organization"},"potentialAction":[{"@type":"SearchAction","target":{"@type":"EntryPoint","urlTemplate":"https:\/\/follgas-shop.de\/?s={search_term_string}"},"query-input":"required name=search_term_string"}],"inLanguage":"de"},{"@type":"Organization","@id":"https:\/\/follgas-shop.de\/#organization","name":"FOLLGAS Online-Shop","url":"https:\/\/follgas-shop.de\/","logo":{"@type":"ImageObject","inLanguage":"de","@id":"https:\/\/follgas-shop.de\/#\/schema\/logo\/image\/","url":"https:\/\/follgas-shop.de\/wp-content\/uploads\/2021\/01\/cropped-cropped-vv-1.png","contentUrl":"https:\/\/follgas-shop.de\/wp-content\/uploads\/2021\/01\/cropped-cropped-vv-1.png","width":279,"height":119,"caption":"FOLLGAS Online-Shop"},"image":{"@id":"https:\/\/follgas-shop.de\/#\/schema\/logo\/image\/"}}]}},"_links":{"self":[{"href":"https:\/\/follgas-shop.de\/index.php\/wp-json\/wp\/v2\/product\/637"}],"collection":[{"href":"https:\/\/follgas-shop.de\/index.php\/wp-json\/wp\/v2\/product"}],"about":[{"href":"https:\/\/follgas-shop.de\/index.php\/wp-json\/wp\/v2\/types\/product"}],"replies":[{"embeddable":true,"href":"https:\/\/follgas-shop.de\/index.php\/wp-json\/wp\/v2\/comments?post=637"}],"wp:featuredmedia":[{"embeddable":true,"href":"https:\/\/follgas-shop.de\/index.php\/wp-json\/wp\/v2\/media\/719"}],"wp:attachment":[{"href":"https:\/\/follgas-shop.de\/index.php\/wp-json\/wp\/v2\/media?parent=637"}],"wp:term":[{"taxonomy":"product_cat","embeddable":true,"href":"https:\/\/follgas-shop.de\/index.php\/wp-json\/wp\/v2\/product_cat?post=637"},{"taxonomy":"product_tag","embeddable":true,"href":"https:\/\/follgas-shop.de\/index.php\/wp-json\/wp\/v2\/product_tag?post=637"}],"curies":[{"name":"wp","href":"https:\/\/api.w.org\/{rel}","templated":true}]}}