
{"id":657,"date":"2025-11-27T12:15:08","date_gmt":"2025-11-27T11:15:08","guid":{"rendered":"https:\/\/follgas-shop.de\/?post_type=product&#038;p=657"},"modified":"2026-01-05T19:51:35","modified_gmt":"2026-01-05T18:51:35","slug":"follgas-energydrink-mango-24er-bundle-mampe-vodka","status":"publish","type":"product","link":"https:\/\/follgas-shop.de\/index.php\/produkt\/follgas-energydrink-mango-24er-bundle-mampe-vodka\/","title":{"rendered":"FOLLGAS Energydrink Mango 24 x 250ml + Mampe Vodka 0,7l"},"content":{"rendered":"<p data-start=\"685\" data-end=\"1077\">Das <strong data-start=\"689\" data-end=\"773\">FOLLGAS Energy Drink Mango 24er Bundle \u2013 250\u202fml Slimline Alu-Dosen + Mampe Vodka<\/strong> ist die perfekte Wahl f\u00fcr tropisch-fruchtige Longdrinks und gro\u00dfe Partys. Das Set enth\u00e4lt <strong data-start=\"864\" data-end=\"938\">24 Dosen des erfrischenden <span class=\"hover:entity-accent entity-underline inline cursor-pointer align-baseline\"><span class=\"whitespace-normal\">FOLLGAS Energy Drink<\/span><\/span> Mango<\/strong> sowie eine Flasche hochwertigen <strong data-start=\"971\" data-end=\"1012\"><span class=\"hover:entity-accent entity-underline inline cursor-pointer align-baseline\"><span class=\"whitespace-normal\">Mampe Vodka<\/span><\/span><\/strong> \u2013 ideal f\u00fcr Gin-\/Vodka-Energy-Mixgetr\u00e4nke mit exotischer Note.<\/p>\n<p data-start=\"1079\" data-end=\"1392\">Der Mango Energy Drink \u00fcberzeugt mit intensivem Mangogeschmack, prickelnder Kohlens\u00e4ure und belebendem Koffein. Die <strong data-start=\"1195\" data-end=\"1220\">250-ml-Slimline-Dosen<\/strong> sind optimal portioniert f\u00fcr unterwegs, Partys oder gr\u00f6\u00dfere Events. Der Mampe Vodka erg\u00e4nzt das Bundle mit klarer, milder Note und sorgt f\u00fcr ausgewogene, leckere Drinks.<\/p>\n<p data-start=\"1394\" data-end=\"1594\">Dieses 24er-Bundle ist perfekt f\u00fcr Sommerpartys, Festivals, Geburtstage, Clubn\u00e4chte oder als gro\u00dfz\u00fcgiger Getr\u00e4nkevorrat. Maximale Menge, tropischer Geschmack und energiegeladene Drinks in einem Set.<\/p>\n<p data-start=\"1596\" data-end=\"1702\"><strong data-start=\"1596\" data-end=\"1608\">Hinweis:<\/strong> Verkauf ausschlie\u00dflich an Personen ab 18 Jahren. Alkohol bitte verantwortungsvoll genie\u00dfen.<\/p>\n","protected":false},"excerpt":{"rendered":"<p data-start=\"493\" data-end=\"630\">24x FOLLGAS Energy Drink Mango (250\u202fml Slimline Dosen) im Bundle mit hochwertigem Mampe Vodka \u2013 fruchtig, erfrischend &amp; ideal f\u00fcr Events.<\/p>\n","protected":false},"featured_media":721,"comment_status":"open","ping_status":"closed","template":"","meta":[],"product_cat":[31],"product_tag":[],"yoast_head":"<!-- This site is optimized with the Yoast SEO plugin v22.3 - https:\/\/yoast.com\/wordpress\/plugins\/seo\/ -->\n<title>FOLLGAS Energydrink Mango 24 x 250ml + Mampe Vodka 0,7l - FOLLGAS Online-Shop<\/title>\n<meta name=\"description\" content=\"24x FOLLGAS Energy Drink Mango im Bundle mit Mampe Vodka. Tropisch, belebend &amp; perfekt f\u00fcr Partys, Longdrinks &amp; Events! Jetzt bestellen\" \/>\n<meta name=\"robots\" content=\"index, follow, max-snippet:-1, max-image-preview:large, max-video-preview:-1\" \/>\n<link rel=\"canonical\" href=\"https:\/\/follgas-shop.de\/index.php\/produkt\/follgas-energydrink-mango-24er-bundle-mampe-vodka\/\" \/>\n<meta property=\"og:locale\" content=\"de_DE\" \/>\n<meta property=\"og:type\" content=\"article\" \/>\n<meta property=\"og:title\" content=\"FOLLGAS Energydrink Mango 24 x 250ml + Mampe Vodka 0,7l - FOLLGAS Online-Shop\" \/>\n<meta property=\"og:description\" content=\"24x FOLLGAS Energy Drink Mango im Bundle mit Mampe Vodka. Tropisch, belebend &amp; perfekt f\u00fcr Partys, Longdrinks &amp; Events! Jetzt bestellen\" \/>\n<meta property=\"og:url\" content=\"https:\/\/follgas-shop.de\/index.php\/produkt\/follgas-energydrink-mango-24er-bundle-mampe-vodka\/\" \/>\n<meta property=\"og:site_name\" content=\"FOLLGAS Online-Shop\" \/>\n<meta property=\"article:modified_time\" content=\"2026-01-05T18:51:35+00:00\" \/>\n<meta property=\"og:image\" content=\"https:\/\/follgas-shop.de\/wp-content\/uploads\/2026\/01\/Follgas_Mango_24_Mampe_Vodka_weiss-819x1024.png\" \/>\n\t<meta property=\"og:image:width\" content=\"819\" \/>\n\t<meta property=\"og:image:height\" content=\"1024\" \/>\n\t<meta property=\"og:image:type\" content=\"image\/png\" \/>\n<meta name=\"twitter:card\" content=\"summary_large_image\" \/>\n<meta name=\"twitter:label1\" content=\"Gesch\u00e4tzte Lesezeit\" \/>\n\t<meta name=\"twitter:data1\" content=\"1\u00a0Minute\" \/>\n<script type=\"application\/ld+json\" class=\"yoast-schema-graph\">{\"@context\":\"https:\/\/schema.org\",\"@graph\":[{\"@type\":\"WebPage\",\"@id\":\"https:\/\/follgas-shop.de\/index.php\/produkt\/follgas-energydrink-mango-24er-bundle-mampe-vodka\/\",\"url\":\"https:\/\/follgas-shop.de\/index.php\/produkt\/follgas-energydrink-mango-24er-bundle-mampe-vodka\/\",\"name\":\"FOLLGAS Energydrink Mango 24 x 250ml + Mampe Vodka 0,7l - FOLLGAS Online-Shop\",\"isPartOf\":{\"@id\":\"https:\/\/follgas-shop.de\/#website\"},\"primaryImageOfPage\":{\"@id\":\"https:\/\/follgas-shop.de\/index.php\/produkt\/follgas-energydrink-mango-24er-bundle-mampe-vodka\/#primaryimage\"},\"image\":{\"@id\":\"https:\/\/follgas-shop.de\/index.php\/produkt\/follgas-energydrink-mango-24er-bundle-mampe-vodka\/#primaryimage\"},\"thumbnailUrl\":\"https:\/\/follgas-shop.de\/wp-content\/uploads\/2026\/01\/Follgas_Mango_24_Mampe_Vodka_weiss.png\",\"datePublished\":\"2025-11-27T11:15:08+00:00\",\"dateModified\":\"2026-01-05T18:51:35+00:00\",\"description\":\"24x FOLLGAS Energy Drink Mango im Bundle mit Mampe Vodka. Tropisch, belebend & perfekt f\u00fcr Partys, Longdrinks & Events! Jetzt bestellen\",\"breadcrumb\":{\"@id\":\"https:\/\/follgas-shop.de\/index.php\/produkt\/follgas-energydrink-mango-24er-bundle-mampe-vodka\/#breadcrumb\"},\"inLanguage\":\"de\",\"potentialAction\":[{\"@type\":\"ReadAction\",\"target\":[\"https:\/\/follgas-shop.de\/index.php\/produkt\/follgas-energydrink-mango-24er-bundle-mampe-vodka\/\"]}]},{\"@type\":\"ImageObject\",\"inLanguage\":\"de\",\"@id\":\"https:\/\/follgas-shop.de\/index.php\/produkt\/follgas-energydrink-mango-24er-bundle-mampe-vodka\/#primaryimage\",\"url\":\"https:\/\/follgas-shop.de\/wp-content\/uploads\/2026\/01\/Follgas_Mango_24_Mampe_Vodka_weiss.png\",\"contentUrl\":\"https:\/\/follgas-shop.de\/wp-content\/uploads\/2026\/01\/Follgas_Mango_24_Mampe_Vodka_weiss.png\",\"width\":1080,\"height\":1350,\"caption\":\"Follgas Mango 24 + Mampe Vodka\"},{\"@type\":\"BreadcrumbList\",\"@id\":\"https:\/\/follgas-shop.de\/index.php\/produkt\/follgas-energydrink-mango-24er-bundle-mampe-vodka\/#breadcrumb\",\"itemListElement\":[{\"@type\":\"ListItem\",\"position\":1,\"name\":\"Startseite\",\"item\":\"https:\/\/follgas-shop.de\/\"},{\"@type\":\"ListItem\",\"position\":2,\"name\":\"Shop\",\"item\":\"https:\/\/follgas-shop.de\/\"},{\"@type\":\"ListItem\",\"position\":3,\"name\":\"FOLLGAS Energydrink Mango 24 x 250ml + Mampe Vodka 0,7l\"}]},{\"@type\":\"WebSite\",\"@id\":\"https:\/\/follgas-shop.de\/#website\",\"url\":\"https:\/\/follgas-shop.de\/\",\"name\":\"FOLLGAS Online-Shop\",\"description\":\"\",\"publisher\":{\"@id\":\"https:\/\/follgas-shop.de\/#organization\"},\"potentialAction\":[{\"@type\":\"SearchAction\",\"target\":{\"@type\":\"EntryPoint\",\"urlTemplate\":\"https:\/\/follgas-shop.de\/?s={search_term_string}\"},\"query-input\":\"required name=search_term_string\"}],\"inLanguage\":\"de\"},{\"@type\":\"Organization\",\"@id\":\"https:\/\/follgas-shop.de\/#organization\",\"name\":\"FOLLGAS Online-Shop\",\"url\":\"https:\/\/follgas-shop.de\/\",\"logo\":{\"@type\":\"ImageObject\",\"inLanguage\":\"de\",\"@id\":\"https:\/\/follgas-shop.de\/#\/schema\/logo\/image\/\",\"url\":\"https:\/\/follgas-shop.de\/wp-content\/uploads\/2021\/01\/cropped-cropped-vv-1.png\",\"contentUrl\":\"https:\/\/follgas-shop.de\/wp-content\/uploads\/2021\/01\/cropped-cropped-vv-1.png\",\"width\":279,\"height\":119,\"caption\":\"FOLLGAS Online-Shop\"},\"image\":{\"@id\":\"https:\/\/follgas-shop.de\/#\/schema\/logo\/image\/\"}}]}<\/script>\n<!-- \/ Yoast SEO plugin. -->","yoast_head_json":{"title":"FOLLGAS Energydrink Mango 24 x 250ml + Mampe Vodka 0,7l - FOLLGAS Online-Shop","description":"24x FOLLGAS Energy Drink Mango im Bundle mit Mampe Vodka. Tropisch, belebend & perfekt f\u00fcr Partys, Longdrinks & Events! Jetzt bestellen","robots":{"index":"index","follow":"follow","max-snippet":"max-snippet:-1","max-image-preview":"max-image-preview:large","max-video-preview":"max-video-preview:-1"},"canonical":"https:\/\/follgas-shop.de\/index.php\/produkt\/follgas-energydrink-mango-24er-bundle-mampe-vodka\/","og_locale":"de_DE","og_type":"article","og_title":"FOLLGAS Energydrink Mango 24 x 250ml + Mampe Vodka 0,7l - FOLLGAS Online-Shop","og_description":"24x FOLLGAS Energy Drink Mango im Bundle mit Mampe Vodka. Tropisch, belebend & perfekt f\u00fcr Partys, Longdrinks & Events! Jetzt bestellen","og_url":"https:\/\/follgas-shop.de\/index.php\/produkt\/follgas-energydrink-mango-24er-bundle-mampe-vodka\/","og_site_name":"FOLLGAS Online-Shop","article_modified_time":"2026-01-05T18:51:35+00:00","og_image":[{"width":819,"height":1024,"url":"https:\/\/follgas-shop.de\/wp-content\/uploads\/2026\/01\/Follgas_Mango_24_Mampe_Vodka_weiss-819x1024.png","type":"image\/png"}],"twitter_card":"summary_large_image","twitter_misc":{"Gesch\u00e4tzte Lesezeit":"1\u00a0Minute"},"schema":{"@context":"https:\/\/schema.org","@graph":[{"@type":"WebPage","@id":"https:\/\/follgas-shop.de\/index.php\/produkt\/follgas-energydrink-mango-24er-bundle-mampe-vodka\/","url":"https:\/\/follgas-shop.de\/index.php\/produkt\/follgas-energydrink-mango-24er-bundle-mampe-vodka\/","name":"FOLLGAS Energydrink Mango 24 x 250ml + Mampe Vodka 0,7l - FOLLGAS Online-Shop","isPartOf":{"@id":"https:\/\/follgas-shop.de\/#website"},"primaryImageOfPage":{"@id":"https:\/\/follgas-shop.de\/index.php\/produkt\/follgas-energydrink-mango-24er-bundle-mampe-vodka\/#primaryimage"},"image":{"@id":"https:\/\/follgas-shop.de\/index.php\/produkt\/follgas-energydrink-mango-24er-bundle-mampe-vodka\/#primaryimage"},"thumbnailUrl":"https:\/\/follgas-shop.de\/wp-content\/uploads\/2026\/01\/Follgas_Mango_24_Mampe_Vodka_weiss.png","datePublished":"2025-11-27T11:15:08+00:00","dateModified":"2026-01-05T18:51:35+00:00","description":"24x FOLLGAS Energy Drink Mango im Bundle mit Mampe Vodka. Tropisch, belebend & perfekt f\u00fcr Partys, Longdrinks & Events! Jetzt bestellen","breadcrumb":{"@id":"https:\/\/follgas-shop.de\/index.php\/produkt\/follgas-energydrink-mango-24er-bundle-mampe-vodka\/#breadcrumb"},"inLanguage":"de","potentialAction":[{"@type":"ReadAction","target":["https:\/\/follgas-shop.de\/index.php\/produkt\/follgas-energydrink-mango-24er-bundle-mampe-vodka\/"]}]},{"@type":"ImageObject","inLanguage":"de","@id":"https:\/\/follgas-shop.de\/index.php\/produkt\/follgas-energydrink-mango-24er-bundle-mampe-vodka\/#primaryimage","url":"https:\/\/follgas-shop.de\/wp-content\/uploads\/2026\/01\/Follgas_Mango_24_Mampe_Vodka_weiss.png","contentUrl":"https:\/\/follgas-shop.de\/wp-content\/uploads\/2026\/01\/Follgas_Mango_24_Mampe_Vodka_weiss.png","width":1080,"height":1350,"caption":"Follgas Mango 24 + Mampe Vodka"},{"@type":"BreadcrumbList","@id":"https:\/\/follgas-shop.de\/index.php\/produkt\/follgas-energydrink-mango-24er-bundle-mampe-vodka\/#breadcrumb","itemListElement":[{"@type":"ListItem","position":1,"name":"Startseite","item":"https:\/\/follgas-shop.de\/"},{"@type":"ListItem","position":2,"name":"Shop","item":"https:\/\/follgas-shop.de\/"},{"@type":"ListItem","position":3,"name":"FOLLGAS Energydrink Mango 24 x 250ml + Mampe Vodka 0,7l"}]},{"@type":"WebSite","@id":"https:\/\/follgas-shop.de\/#website","url":"https:\/\/follgas-shop.de\/","name":"FOLLGAS Online-Shop","description":"","publisher":{"@id":"https:\/\/follgas-shop.de\/#organization"},"potentialAction":[{"@type":"SearchAction","target":{"@type":"EntryPoint","urlTemplate":"https:\/\/follgas-shop.de\/?s={search_term_string}"},"query-input":"required name=search_term_string"}],"inLanguage":"de"},{"@type":"Organization","@id":"https:\/\/follgas-shop.de\/#organization","name":"FOLLGAS Online-Shop","url":"https:\/\/follgas-shop.de\/","logo":{"@type":"ImageObject","inLanguage":"de","@id":"https:\/\/follgas-shop.de\/#\/schema\/logo\/image\/","url":"https:\/\/follgas-shop.de\/wp-content\/uploads\/2021\/01\/cropped-cropped-vv-1.png","contentUrl":"https:\/\/follgas-shop.de\/wp-content\/uploads\/2021\/01\/cropped-cropped-vv-1.png","width":279,"height":119,"caption":"FOLLGAS Online-Shop"},"image":{"@id":"https:\/\/follgas-shop.de\/#\/schema\/logo\/image\/"}}]}},"_links":{"self":[{"href":"https:\/\/follgas-shop.de\/index.php\/wp-json\/wp\/v2\/product\/657"}],"collection":[{"href":"https:\/\/follgas-shop.de\/index.php\/wp-json\/wp\/v2\/product"}],"about":[{"href":"https:\/\/follgas-shop.de\/index.php\/wp-json\/wp\/v2\/types\/product"}],"replies":[{"embeddable":true,"href":"https:\/\/follgas-shop.de\/index.php\/wp-json\/wp\/v2\/comments?post=657"}],"wp:featuredmedia":[{"embeddable":true,"href":"https:\/\/follgas-shop.de\/index.php\/wp-json\/wp\/v2\/media\/721"}],"wp:attachment":[{"href":"https:\/\/follgas-shop.de\/index.php\/wp-json\/wp\/v2\/media?parent=657"}],"wp:term":[{"taxonomy":"product_cat","embeddable":true,"href":"https:\/\/follgas-shop.de\/index.php\/wp-json\/wp\/v2\/product_cat?post=657"},{"taxonomy":"product_tag","embeddable":true,"href":"https:\/\/follgas-shop.de\/index.php\/wp-json\/wp\/v2\/product_tag?post=657"}],"curies":[{"name":"wp","href":"https:\/\/api.w.org\/{rel}","templated":true}]}}